{"id":16,"date":"2020-02-19T21:09:40","date_gmt":"2020-02-19T21:09:40","guid":{"rendered":"http:\/\/antoinea.sg-host.com\/?page_id=16"},"modified":"2024-06-08T11:18:00","modified_gmt":"2024-06-08T09:18:00","slug":"diu-endoscopie-thoracique-avancee","status":"publish","type":"page","link":"https:\/\/ajpo2.org\/www\/la-pneumologie\/les-du-et-diu-accessibles-en-pneumologie\/diu-endoscopie-thoracique-avancee\/","title":{"rendered":"DIU Endoscopie thoracique avanc\u00e9e"},"content":{"rendered":"\t\t<div data-elementor-type=\"wp-page\" data-elementor-id=\"16\" class=\"elementor elementor-16\">\n\t\t\t\t<div class=\"elementor-element elementor-element-3ca3f37 e-flex e-con-boxed elementor-invisible e-con e-parent\" data-id=\"3ca3f37\" data-element_type=\"container\" data-e-type=\"container\" data-settings=\"{&quot;background_background&quot;:&quot;classic&quot;,&quot;animation&quot;:&quot;slideInUp&quot;}\">\n\t\t\t\t\t<div class=\"e-con-inner\">\n\t\t\t\t<div class=\"elementor-element elementor-element-83aed71 elementor-widget elementor-widget-heading\" data-id=\"83aed71\" data-element_type=\"widget\" data-e-type=\"widget\" data-widget_type=\"heading.default\">\n\t\t\t\t<div class=\"elementor-widget-container\">\n\t\t\t\t\t<h2 class=\"elementor-heading-title elementor-size-default\">DU Endoscopie Thoracique Avanc\u00e9e<\/h2>\t\t\t\t<\/div>\n\t\t\t\t<\/div>\n\t\t\t\t\t<\/div>\n\t\t\t\t<\/div>\n\t\t<div class=\"elementor-element elementor-element-158e97dc e-flex e-con-boxed elementor-invisible e-con e-parent\" data-id=\"158e97dc\" data-element_type=\"container\" data-e-type=\"container\" data-settings=\"{&quot;animation&quot;:&quot;slideInUp&quot;}\">\n\t\t\t\t\t<div class=\"e-con-inner\">\n\t\t\t\t<div class=\"elementor-element elementor-element-5ef331f2 elementor-widget elementor-widget-text-editor\" data-id=\"5ef331f2\" data-element_type=\"widget\" data-e-type=\"widget\" data-widget_type=\"text-editor.default\">\n\t\t\t\t<div class=\"elementor-widget-container\">\n\t\t\t\t\t\t\t\t\t\n<p><strong>Universit\u00e9s&nbsp;:<\/strong>&nbsp;Amiens, Nice, Saint-Etienne<\/p>\n\n\n\n<p><strong>Responsables de la formation&nbsp;:<\/strong>&nbsp;Pr Jounieaux (Amiens), Pr Marquette (Nice), Pr Vergnon (Saint-Etienne)<\/p>\n\n\n\n<p><strong>Dur\u00e9e de l\u2019enseignement&nbsp;:<\/strong>&nbsp;2 ans<\/p>\n\n\n\n<p><strong>Nombre d\u2019heures&nbsp;:<\/strong>&nbsp;80 h<\/p>\n\n\n\n<p><strong>Modalit\u00e9s du contr\u00f4le des connaissances&nbsp;:<\/strong>&nbsp;\u00e9preuve \u00e9crite<\/p>\n\n\n\n<p><strong>Co\u00fbt d\u2019inscription&nbsp;:<\/strong>&nbsp;800 \u20ac<\/p>\n\n\n\n<p><strong>Informations&nbsp;et renseignements&nbsp;:<\/strong><\/p>\n\n\n\n<p><a href=\"http:\/\/portail.univ-st-etienne.fr\/bienvenue\/presentation\/d-i-u-endoscopie-thoracique-avancee-338760.kjsp?RH=0701261013\">http:\/\/portail.univ-st-etienne.fr\/bienvenue\/presentation\/d-i-u-endoscopie-thoracique-avancee-338760.kjsp?RH=0701261013<\/a><\/p>\n\t\t\t\t\t\t\t\t<\/div>\n\t\t\t\t<\/div>\n\t\t\t\t\t<\/div>\n\t\t\t\t<\/div>\n\t\t<div class=\"elementor-element elementor-element-0944d6f e-flex e-con-boxed e-con e-parent\" data-id=\"0944d6f\" data-element_type=\"container\" data-e-type=\"container\">\n\t\t\t\t\t<div class=\"e-con-inner\">\n\t\t\t\t<div class=\"elementor-element elementor-element-b2dacbc elementor-widget elementor-widget-eael-creative-button\" data-id=\"b2dacbc\" data-element_type=\"widget\" data-e-type=\"widget\" data-widget_type=\"eael-creative-button.default\">\n\t\t\t\t<div class=\"elementor-widget-container\">\n\t\t\t\t\t        <div class=\"eael-creative-button-wrapper\">\n\n            <a class=\"eael-creative-button eael-creative-button--winona eael-cb-icon-position-left\" href=\"https:\/\/ajpo2.org\/www\/la-pneumologie\/les-du-et-diu-accessibles-en-pneumologie\/\" data-text=\"Retour \u00e0 la page\">\n            \t    \n                <div class=\"creative-button-inner\">\n\n                                            <span class=\"eael-creative-button-icon-left\"><svg aria-hidden=\"true\" class=\"e-font-icon-svg e-fas-list\" viewBox=\"0 0 512 512\" xmlns=\"http:\/\/www.w3.org\/2000\/svg\"><path d=\"M80 368H16a16 16 0 0 0-16 16v64a16 16 0 0 0 16 16h64a16 16 0 0 0 16-16v-64a16 16 0 0 0-16-16zm0-320H16A16 16 0 0 0 0 64v64a16 16 0 0 0 16 16h64a16 16 0 0 0 16-16V64a16 16 0 0 0-16-16zm0 160H16a16 16 0 0 0-16 16v64a16 16 0 0 0 16 16h64a16 16 0 0 0 16-16v-64a16 16 0 0 0-16-16zm416 176H176a16 16 0 0 0-16 16v32a16 16 0 0 0 16 16h320a16 16 0 0 0 16-16v-32a16 16 0 0 0-16-16zm0-320H176a16 16 0 0 0-16 16v32a16 16 0 0 0 16 16h320a16 16 0 0 0 16-16V80a16 16 0 0 0-16-16zm0 160H176a16 16 0 0 0-16 16v32a16 16 0 0 0 16 16h320a16 16 0 0 0 16-16v-32a16 16 0 0 0-16-16z\"><\/path><\/svg><\/span>                    \n                    <span class=\"cretive-button-text\">Les DIU et DU disponibles en pneumologie<\/span>\n\n                                    <\/div>\n\t                        <\/a>\n        <\/div>\n        \t\t\t\t<\/div>\n\t\t\t\t<\/div>\n\t\t\t\t\t<\/div>\n\t\t\t\t<\/div>\n\t\t\t\t<\/div>\n\t\t","protected":false},"excerpt":{"rendered":"<p>DU Endoscopie Thoracique Avanc\u00e9e Universit\u00e9s&nbsp;:&nbsp;Amiens, Nice, Saint-Etienne Responsables de la formation&nbsp;:&nbsp;Pr Jounieaux (Amiens), Pr Marquette (Nice), Pr Vergnon (Saint-Etienne) Dur\u00e9e de l\u2019enseignement&nbsp;:&nbsp;2 ans Nombre d\u2019heures&nbsp;:&nbsp;80 h Modalit\u00e9s du contr\u00f4le des connaissances&nbsp;:&nbsp;\u00e9preuve \u00e9crite Co\u00fbt d\u2019inscription&nbsp;:&nbsp;800 \u20ac Informations&nbsp;et renseignements&nbsp;: http:\/\/portail.univ-st-etienne.fr\/bienvenue\/presentation\/d-i-u-endoscopie-thoracique-avancee-338760.kjsp?RH=0701261013 Les DIU et DU disponibles en pneumologie<\/p>\n","protected":false},"author":1,"featured_media":0,"parent":14,"menu_order":0,"comment_status":"closed","ping_status":"closed","template":"","meta":{"_seopress_robots_primary_cat":"","_seopress_titles_title":"","_seopress_titles_desc":"","_seopress_robots_index":"","_monsterinsights_skip_tracking":false,"_monsterinsights_sitenote_active":false,"_monsterinsights_sitenote_note":"","_monsterinsights_sitenote_category":0,"_themeisle_gutenberg_block_has_review":false,"footnotes":""},"class_list":["post-16","page","type-page","status-publish","hentry"],"_links":{"self":[{"href":"https:\/\/ajpo2.org\/www\/wp-json\/wp\/v2\/pages\/16","targetHints":{"allow":["GET"]}}],"collection":[{"href":"https:\/\/ajpo2.org\/www\/wp-json\/wp\/v2\/pages"}],"about":[{"href":"https:\/\/ajpo2.org\/www\/wp-json\/wp\/v2\/types\/page"}],"author":[{"embeddable":true,"href":"https:\/\/ajpo2.org\/www\/wp-json\/wp\/v2\/users\/1"}],"replies":[{"embeddable":true,"href":"https:\/\/ajpo2.org\/www\/wp-json\/wp\/v2\/comments?post=16"}],"version-history":[{"count":21,"href":"https:\/\/ajpo2.org\/www\/wp-json\/wp\/v2\/pages\/16\/revisions"}],"predecessor-version":[{"id":2643,"href":"https:\/\/ajpo2.org\/www\/wp-json\/wp\/v2\/pages\/16\/revisions\/2643"}],"up":[{"embeddable":true,"href":"https:\/\/ajpo2.org\/www\/wp-json\/wp\/v2\/pages\/14"}],"wp:attachment":[{"href":"https:\/\/ajpo2.org\/www\/wp-json\/wp\/v2\/media?parent=16"}],"curies":[{"name":"wp","href":"https:\/\/api.w.org\/{rel}","templated":true}]}}