{"id":180,"date":"2020-03-13T14:49:44","date_gmt":"2020-03-13T14:49:44","guid":{"rendered":"http:\/\/antoinea.sg-host.com\/?page_id=180"},"modified":"2024-06-14T08:35:31","modified_gmt":"2024-06-14T06:35:31","slug":"diu-physiopathologie-de-lexercice-et-explorations-fonctionnelles-de-leffort","status":"publish","type":"page","link":"https:\/\/ajpo2.org\/www\/la-pneumologie\/les-du-et-diu-accessibles-en-pneumologie\/diu-physiopathologie-de-lexercice-et-explorations-fonctionnelles-de-leffort\/","title":{"rendered":"DIU Physiopathologie de l\u2019exercice et explorations fonctionnelles de l\u2019effort"},"content":{"rendered":"\t\t<div data-elementor-type=\"wp-page\" data-elementor-id=\"180\" class=\"elementor elementor-180\">\n\t\t\t\t<div class=\"elementor-element elementor-element-3dd5ecd e-flex e-con-boxed elementor-invisible e-con e-parent\" data-id=\"3dd5ecd\" data-element_type=\"container\" data-e-type=\"container\" data-settings=\"{&quot;background_background&quot;:&quot;classic&quot;,&quot;animation&quot;:&quot;slideInUp&quot;}\">\n\t\t\t\t\t<div class=\"e-con-inner\">\n\t\t\t\t<div class=\"elementor-element elementor-element-f1c7fdc elementor-widget elementor-widget-heading\" data-id=\"f1c7fdc\" data-element_type=\"widget\" data-e-type=\"widget\" data-widget_type=\"heading.default\">\n\t\t\t\t<div class=\"elementor-widget-container\">\n\t\t\t\t\t<h2 class=\"elementor-heading-title elementor-size-default\">DIU Physiopathologie de l'exercice et explorations fonctionnelles \u00e0 l'effort<\/h2>\t\t\t\t<\/div>\n\t\t\t\t<\/div>\n\t\t\t\t\t<\/div>\n\t\t\t\t<\/div>\n\t\t<div class=\"elementor-element elementor-element-167891b0 e-flex e-con-boxed e-con e-parent\" data-id=\"167891b0\" data-element_type=\"container\" data-e-type=\"container\">\n\t\t\t\t\t<div class=\"e-con-inner\">\n\t\t\t\t<div class=\"elementor-element elementor-element-92ecf8c elementor-widget elementor-widget-text-editor\" data-id=\"92ecf8c\" data-element_type=\"widget\" data-e-type=\"widget\" data-widget_type=\"text-editor.default\">\n\t\t\t\t<div class=\"elementor-widget-container\">\n\t\t\t\t\t\t\t\t\t\n<p><strong>Universit\u00e9s&nbsp;:<\/strong>&nbsp;Montpellier, Strasbourg, Rennes, Besan\u00e7on, Paris VII et XIII<\/p>\n\n\n\n<p><strong>Responsables de la formation&nbsp;:<\/strong>&nbsp;Pr A. COHEN-SOLAL (Paris VII), Pr E. LONSDORFER (Strasbourg), Pr J. MERCIER et C. PREFAUT (Montpellier), Pr J.-P. RICHALET (Paris XIII)<\/p>\n\n\n\n<p><strong>Dur\u00e9e de l\u2019enseignement&nbsp;:<\/strong>&nbsp;1 an<\/p>\n\n\n\n<p><strong>Nombre d\u2019heures&nbsp;:<\/strong>&nbsp;80 h<\/p>\n\n\n\n<p><strong>Modalit\u00e9s du contr\u00f4le des connaissances&nbsp;:<\/strong>&nbsp;\u00e9preuve \u00e9crite et orale<\/p>\n\n\n\n<p><strong>Co\u00fbt d\u2019inscription&nbsp;:<\/strong>&nbsp;503 \u20ac<\/p>\n\n\n\n<p><strong>Informations&nbsp;:<\/strong><\/p>\n\n\n\n<p><a href=\"http:\/\/www-smbh.univ-paris13.fr\/formations\/du-diu\/70\/254-diu-physiopathologie-de-lexercice-et-explorations-fonctionnelles-deffort.html\">http:\/\/www-smbh.univ-paris13.fr\/formations\/du-diu\/70\/254-diu-physiopathologie-de-lexercice-et-explorations-fonctionnelles-deffort.html<\/a><\/p>\n\n\n\n<p><strong>Renseignements :<\/strong><\/p>\n\n\n\n<p>\u2013 Coordination : Professeur J. LONSDORFER \u2013 Service des Explorations Fonctionnelles Respiratoires et de l\u2019Exercice \u2013 H\u00f4pitaux Universitaires de Strasbourg 67091 Strasbourg Cedex,&nbsp;T\u00e9l : 03 88 11 61 22, Courriel :<a href=\"mailto:Jean.Lonsdorfer@physio-ulp.u-strasbg.fr\">Jean.Lonsdorfer@physio-ulp.u-strasbg.fr<\/a><\/p>\n\n\n\n<p>\u2013 Responsable \u00e0 Montpellier: Pr. J. MERCIER<\/p>\n\n\n\n<p>T\u00e9l : 04 67 33 59 08, Courriel :&nbsp;<a href=\"mailto:j-mercier@chu-montpellier.fr\">j-mercier@chu-montpellier.fr<\/a><\/p>\n\n\n\n<p>\u2013 Responsable \u00e0 Paris VII : Pr. A. COHEN-SOLAL<\/p>\n\n\n\n<p>T\u00e9l : 01 40 87 57 85, Courriel :&nbsp;<a href=\"mailto:a.cohen.solal@wanadoo.fr\">a.cohen.solal@wanadoo.fr<\/a><\/p>\n\n\n\n<p>\u2013 Responsable \u00e0 Paris XIII : Pr. J-P. RICHALET<\/p>\n\n\n\n<p>T\u00e9l : 01 48 38 77 57, Courriel :&nbsp;<a href=\"mailto:richalet@smbh.univ-paris13.fr\">richalet@smbh.univ-paris13.fr<\/a><\/p>\n\t\t\t\t\t\t\t\t<\/div>\n\t\t\t\t<\/div>\n\t\t\t\t\t<\/div>\n\t\t\t\t<\/div>\n\t\t<div class=\"elementor-element elementor-element-2f5c7b4 e-flex e-con-boxed e-con e-parent\" data-id=\"2f5c7b4\" data-element_type=\"container\" data-e-type=\"container\">\n\t\t\t\t\t<div class=\"e-con-inner\">\n\t\t\t\t<div class=\"elementor-element elementor-element-14dcb28 elementor-widget elementor-widget-eael-creative-button\" data-id=\"14dcb28\" data-element_type=\"widget\" data-e-type=\"widget\" data-widget_type=\"eael-creative-button.default\">\n\t\t\t\t<div class=\"elementor-widget-container\">\n\t\t\t\t\t        <div class=\"eael-creative-button-wrapper\">\n\n            <a class=\"eael-creative-button eael-creative-button--winona eael-cb-icon-position-left\" href=\"https:\/\/ajpo2.org\/www\/la-pneumologie\/les-du-et-diu-accessibles-en-pneumologie\/\" data-text=\"Retour \u00e0 la page\">\n            \t    \n                <div class=\"creative-button-inner\">\n\n                                            <span class=\"eael-creative-button-icon-left\"><svg aria-hidden=\"true\" class=\"e-font-icon-svg e-fas-list\" viewBox=\"0 0 512 512\" xmlns=\"http:\/\/www.w3.org\/2000\/svg\"><path d=\"M80 368H16a16 16 0 0 0-16 16v64a16 16 0 0 0 16 16h64a16 16 0 0 0 16-16v-64a16 16 0 0 0-16-16zm0-320H16A16 16 0 0 0 0 64v64a16 16 0 0 0 16 16h64a16 16 0 0 0 16-16V64a16 16 0 0 0-16-16zm0 160H16a16 16 0 0 0-16 16v64a16 16 0 0 0 16 16h64a16 16 0 0 0 16-16v-64a16 16 0 0 0-16-16zm416 176H176a16 16 0 0 0-16 16v32a16 16 0 0 0 16 16h320a16 16 0 0 0 16-16v-32a16 16 0 0 0-16-16zm0-320H176a16 16 0 0 0-16 16v32a16 16 0 0 0 16 16h320a16 16 0 0 0 16-16V80a16 16 0 0 0-16-16zm0 160H176a16 16 0 0 0-16 16v32a16 16 0 0 0 16 16h320a16 16 0 0 0 16-16v-32a16 16 0 0 0-16-16z\"><\/path><\/svg><\/span>                    \n                    <span class=\"cretive-button-text\">Les DIU et DU disponibles en pneumologie<\/span>\n\n                                    <\/div>\n\t                        <\/a>\n        <\/div>\n        \t\t\t\t<\/div>\n\t\t\t\t<\/div>\n\t\t\t\t\t<\/div>\n\t\t\t\t<\/div>\n\t\t\t\t<\/div>\n\t\t","protected":false},"excerpt":{"rendered":"<p>DIU Physiopathologie de l&rsquo;exercice et explorations fonctionnelles \u00e0 l&rsquo;effort Universit\u00e9s&nbsp;:&nbsp;Montpellier, Strasbourg, Rennes, Besan\u00e7on, Paris VII et XIII Responsables de la formation&nbsp;:&nbsp;Pr A. COHEN-SOLAL (Paris VII), Pr E. LONSDORFER (Strasbourg), Pr J. MERCIER et C. PREFAUT (Montpellier), Pr J.-P. RICHALET (Paris XIII) Dur\u00e9e de l\u2019enseignement&nbsp;:&nbsp;1 an Nombre d\u2019heures&nbsp;:&nbsp;80 h Modalit\u00e9s du contr\u00f4le des connaissances&nbsp;:&nbsp;\u00e9preuve \u00e9crite et [&hellip;]<\/p>\n","protected":false},"author":1,"featured_media":0,"parent":14,"menu_order":0,"comment_status":"closed","ping_status":"closed","template":"","meta":{"_seopress_robots_primary_cat":"","_seopress_titles_title":"","_seopress_titles_desc":"","_seopress_robots_index":"","_monsterinsights_skip_tracking":false,"_monsterinsights_sitenote_active":false,"_monsterinsights_sitenote_note":"","_monsterinsights_sitenote_category":0,"_themeisle_gutenberg_block_has_review":false,"footnotes":""},"class_list":["post-180","page","type-page","status-publish","hentry"],"_links":{"self":[{"href":"https:\/\/ajpo2.org\/www\/wp-json\/wp\/v2\/pages\/180","targetHints":{"allow":["GET"]}}],"collection":[{"href":"https:\/\/ajpo2.org\/www\/wp-json\/wp\/v2\/pages"}],"about":[{"href":"https:\/\/ajpo2.org\/www\/wp-json\/wp\/v2\/types\/page"}],"author":[{"embeddable":true,"href":"https:\/\/ajpo2.org\/www\/wp-json\/wp\/v2\/users\/1"}],"replies":[{"embeddable":true,"href":"https:\/\/ajpo2.org\/www\/wp-json\/wp\/v2\/comments?post=180"}],"version-history":[{"count":3,"href":"https:\/\/ajpo2.org\/www\/wp-json\/wp\/v2\/pages\/180\/revisions"}],"predecessor-version":[{"id":3180,"href":"https:\/\/ajpo2.org\/www\/wp-json\/wp\/v2\/pages\/180\/revisions\/3180"}],"up":[{"embeddable":true,"href":"https:\/\/ajpo2.org\/www\/wp-json\/wp\/v2\/pages\/14"}],"wp:attachment":[{"href":"https:\/\/ajpo2.org\/www\/wp-json\/wp\/v2\/media?parent=180"}],"curies":[{"name":"wp","href":"https:\/\/api.w.org\/{rel}","templated":true}]}}