{"id":339,"date":"2020-08-18T20:31:27","date_gmt":"2020-08-18T20:31:27","guid":{"rendered":"http:\/\/antoinea.sg-host.com\/?page_id=339"},"modified":"2026-04-01T23:27:47","modified_gmt":"2026-04-01T21:27:47","slug":"referents-des-villes","status":"publish","type":"page","link":"https:\/\/ajpo2.org\/www\/qui-sommes-nous\/referents-des-villes\/","title":{"rendered":"R\u00e9f\u00e9rents des villes"},"content":{"rendered":"\t\t<div data-elementor-type=\"wp-page\" data-elementor-id=\"339\" class=\"elementor elementor-339\">\n\t\t\t\t<div class=\"elementor-element elementor-element-c4869b1 e-flex e-con-boxed elementor-invisible e-con e-parent\" data-id=\"c4869b1\" data-element_type=\"container\" data-e-type=\"container\" data-settings=\"{&quot;background_background&quot;:&quot;classic&quot;,&quot;animation&quot;:&quot;slideInUp&quot;}\">\n\t\t\t\t\t<div class=\"e-con-inner\">\n\t\t\t\t<div class=\"elementor-element elementor-element-8a72953 elementor-widget elementor-widget-heading\" data-id=\"8a72953\" data-element_type=\"widget\" data-e-type=\"widget\" data-widget_type=\"heading.default\">\n\t\t\t\t<div class=\"elementor-widget-container\">\n\t\t\t\t\t<h2 class=\"elementor-heading-title elementor-size-default\">R\u00e9f\u00e9rents par Ville<\/h2>\t\t\t\t<\/div>\n\t\t\t\t<\/div>\n\t\t\t\t\t<\/div>\n\t\t\t\t<\/div>\n\t\t<div class=\"elementor-element elementor-element-9f5bf06 e-flex e-con-boxed e-con e-parent\" data-id=\"9f5bf06\" data-element_type=\"container\" data-e-type=\"container\">\n\t\t\t\t\t<div class=\"e-con-inner\">\n\t\t\t\t<div class=\"elementor-element elementor-element-6a41a40 elementor-widget elementor-widget-text-editor\" data-id=\"6a41a40\" data-element_type=\"widget\" data-e-type=\"widget\" data-widget_type=\"text-editor.default\">\n\t\t\t\t<div class=\"elementor-widget-container\">\n\t\t\t\t\t\t\t\t\t<h2 class=\"wp-block-heading\">R\u00e9seau de r\u00e9f\u00e9rents AJPO2 \u2013 Juin 2025<\/h2><p>Nous agissons localement par l\u2019interm\u00e9diaire d\u2019<strong>internes en pneumologie r\u00e9f\u00e9rents de chaque ville<\/strong>. Ils sont le pivot essentiel entre l\u2019association et les adh\u00e9rents, et permettent la coordination et la diffusion des informations \u00e0 l\u2019\u00e9chelle locale. Nous leurs apportons notre soutien administratif et associatif pour faciliter la formation de chaque interne :<\/p><table><tbody><tr><td><p><b>Ville<\/b><\/p><\/td><td><p><b>Nom<\/b><\/p><\/td><td><p><b>Adresse mail<\/b><\/p><\/td><td><p><b>Coordinateur local<\/b><\/p><\/td><td><p><b>Mail<\/b><\/p><\/td><\/tr><tr><td><p><b>Amiens<\/b><\/p><\/td><td>Jules POLY<\/td><td><p class=\"p1\"><a href=\"mailto:poly.jules@chu-amiens.fr\">poly.jules@chu-amiens.fr<\/a>\u00a0<\/p><\/td><td><p>Pr. Vincent JOUNIEAUX\u00a0<\/p><\/td><td><p><a href=\"mailto:jounieaux.vincent@chu-amiens.fr\">jounieaux.vincent@chu-amiens.fr<\/a>\u00a0<\/p><\/td><\/tr><tr><td><p><b>Angers<\/b><\/p><\/td><td><p>L\u00e9a BERTEAU<\/p><\/td><td><p><a href=\"mailto:lea.berteauu@gmail.com\">lea.berteauu@gmail.com<\/a><\/p><\/td><td><p>Pr. TRZEPIZUR Wojciech<\/p><\/td><td><p><a href=\"mailto:wotrzepizur@chu-angers.fr\">wotrzepizur@chu-angers.fr<\/a><\/p><\/td><\/tr><tr><td><p><b>Antilles (Guadeloupe, Martinique, Guyane)<\/b><\/p><\/td><td><p>Paul ALAUZEN<\/p><\/td><td><p><a href=\"mailto:paul.alauzen@laposte.net\">paul.alauzen@laposte.net<\/a><\/p><\/td><td><p>Pr Chantal RAHERISON SEMJEN\u00a0<\/p><\/td><td><p><a href=\"mailto:Chantal.raherison@chu-guadeloupe.fr\">chantal.raherison@chu-guadeloupe.fr<\/a>\u00a0<\/p><\/td><\/tr><tr><td><p><b>Besan\u00e7on<\/b><\/p><\/td><td><p>Ad\u00e8le NOUALHAGET ; Julie BOURDIS\u00a0<\/p><\/td><td><p><a href=\"mailto:adele.nouhalaget@neuf.fr\">adele.nouhalaget@neuf.fr<\/a>\u00a0<a href=\"mailto:bourdisjulie@gmail.com\">bourdisjulie@gmail.com<\/a><\/p><\/td><td><p>Pr. Virginie WESTEEL\u00a0<\/p><\/td><td><p><a href=\"mailto:virginie.westeel@univ-fcomte.fr\">virginie.westeel@univ-fcomte.fr<\/a>\u00a0<\/p><\/td><\/tr><tr><td><p><b>Bordeaux<\/b><\/p><\/td><td><p>Camille FRADIN<\/p><\/td><td><p><a href=\"mailto:camille.fradin@hotmail.fr\">camille.fradin@hotmail.fr<\/a><\/p><\/td><td><p>Pr. Maeva ZYSMAN<\/p><\/td><td><p><a href=\"mailto:maeva.zysman@chu-bordeaux.fr\">maeva.zysman@chu-bordeaux.fr<\/a><\/p><\/td><\/tr><tr><td><p><b>Brest<\/b><\/p><\/td><td>Eloize BOUTEL<\/td><td><a href=\"mailto:esloize.btl@gmail.com\">esloize.btl@gmail.com<\/a><\/td><td><p>Pr C\u00e9cile TROMEUR<\/p><p>Pr. Christophe LEROYER<\/p><\/td><td><p><a href=\"mailto:cecile.tromeur@chu-brest.fr\">cecile.tromeur@chu-brest.fr<\/a><\/p><p><a href=\"mailto:christophe.leroyer@chu-brest.fr\">christophe.leroyer@chu-brest.fr<\/a><\/p><\/td><\/tr><tr><td><p><b>Caen<\/b><\/p><\/td><td><p>Tom BASTIN<\/p><\/td><td><p><a href=\"mailto: bastintom972@gmail.com\">bastintom972@gmail.com<\/a><\/p><\/td><td><p>Pr. Emmanuel BERGOT<\/p><\/td><td><p><a href=\"mailto:bergot-e@chu-caen.fr\">bergot-e@chu-caen.fr<\/a>\u00a0<\/p><\/td><\/tr><tr><td><p><b>Clermont ferrand\u00a0<\/b><\/p><\/td><td><p>Koren MARCHI<\/p><\/td><td><p><a href=\"mailto:kmarchi@chu-clermontferrand.fr\">kmarchi@chu-clermontferrand.fr<\/a><\/p><\/td><td><p>Dr. ROLLAND-DEBORD<\/p><p class=\"p1\">(jusqu\u2019au 31\/10 puis en cours de r\u00e9flexion)<\/p><\/td><td><p><a href=\"mailto:crollanddebord@chu-clermontferrand.fr\">crollanddebord@chu-clermontferrand.fr<\/a>\u00a0<\/p><\/td><\/tr><tr><td><p><b>Dijon<\/b><\/p><\/td><td><p>Salim NABTI<\/p><\/td><td><p><a href=\"mailto:salim.nabti@chu-dijon.fr\">salim.nabti@chu-dijon.fr<\/a><\/p><\/td><td><p>Pr. BONNIAUD<\/p><\/td><td><p><a href=\"mailto:philippe.bonniaud@chu-dijon.fr\">philippe.bonniaud@chu-dijon.fr<\/a><\/p><\/td><\/tr><tr><td><p><b>Grenoble<\/b><\/p><\/td><td><p>H\u00e9lo\u00efse CHAPUIS<\/p><p>Xavier ROUX\u00a0<\/p><\/td><td><p><a href=\"mailto:hchapuis@chu-grenoble.fr\">hchapuis@chu-grenoble.fr<\/a><\/p><p><a href=\"mailto:xroux@chu-grenoble.fr\">xroux@chu-grenoble.fr<\/a><\/p><\/td><td><p>Pr. DEGANO Bruno<\/p><\/td><td><p><a href=\"mailto:BDegano@chu-grenoble.fr\">BDegano@chu-grenoble.fr<\/a><\/p><\/td><\/tr><tr><td><b>Lille<\/b><\/td><td>Emma KRANTSCHENKO<\/td><td><p><a href=\"mailto:bureau.aplf@gmail.com\">bureau.aplf@gmail.com<\/a>\u00a0<\/p><\/td><td>Pr. Alexis CORTOT\u00a0<\/td><td><p><a href=\"mailto:alexis.cortot@chru-lille.fr\">alexis.cortot@chru-lille.fr\u00a0<\/a><\/p><\/td><\/tr><tr><td><p><b>Limoges<\/b><\/p><\/td><td style=\"text-align: left;\">Lina ATLAGH<\/td><td><a href=\"mailto:lina.atlagh@gmail.com\">lina.atlagh@gmail.com<\/a><\/td><td>Pr. Fran\u00e7ois VINCENT<\/td><td><p><a href=\"mailto:boris.melloni@unilim.fr\">francois.vincent@unilim.fr<\/a><\/p><\/td><\/tr><tr><td><p><b>Lyon<\/b><\/p><\/td><td><p>Astrid CORNILLOT<\/p><\/td><td><a target=\"_blank\" href=\"mailto:astrid.cornillot@chu-lyon.fr\" rel=\"noopener\">astrid.cornillot@chu-lyon.<wbr \/>fr<\/a><\/td><td><p>Pr. Couraud Sebastien<\/p><\/td><td><p><a href=\"mailto:sebastien.couraud@chu-lyon.fr\">sebastien.couraud@chu-lyon.fr<\/a><\/p><\/td><\/tr><tr><td><p><b>Marseille<\/b><\/p><\/td><td>Alice GOGA<\/td><td><p><a href=\"mailto:referentajpo2marseille@gmail.com\">referentajpo2marseille@gmail.com<\/a>\u00a0<\/p><\/td><td><p>Pr. Laurent GREILLIER\u00a0<\/p><p>Pr Pascal CHANEZ \u00a0 \u00a0 \u00a0 \u00a0 \u00a0 \u00a0\u00a0<\/p><\/td><td><p>l<a href=\"mailto:aurent.greillier@ap-hm.fr\">aurent.greillier@ap-hm.fr<\/a><\/p><p><a href=\"mailto:pascal.chanez@univ-amu.fr\">pascal.chanez@univ-amu.fr<\/a><\/p><\/td><\/tr><tr><td><p><b>Montpellier &#8211; N\u00eemes<\/b><\/p><\/td><td><p>Alan LOZAC&rsquo;H<\/p><\/td><td><p><a href=\"about:blank\">pneumologie@silr.fr<\/a>\u00a0\u00a0 \u00a0<\/p><\/td><td><p>Pr. Arnaud BOURDIN\u00a0<\/p><\/td><td><p><a href=\"mailto:a-bourdin@chu-montpellier.fr\">a-bourdin@chu-montpellier.fr<\/a>\u00a0<\/p><\/td><\/tr><tr><td><p><b>Nancy<\/b><\/p><\/td><td>David SOREL<\/td><td><p><a href=\"mailto:referents.pneumologie.nancy@gmail.com\">referents.pneumologie.nancy@gmail.com<\/a><\/p><\/td><td><p>Pr. ARI CHAOUAT\u00a0<\/p><\/td><td><p><a href=\"mailto:a.chaouat@chru-nancy.fr\">a.chaouat@chru-nancy.fr<\/a>\u00a0<\/p><\/td><\/tr><tr><td><p><b>Nantes<\/b><\/p><\/td><td><p>C\u00e9line CHAILLOU<\/p><\/td><td><p><a href=\"mailto:referent.pneumologie@gmail.com\">referent.pneumologie@gmail.com<\/a><\/p><\/td><td><p>Pr. Fran\u00e7ois-Xavier BLANC\u00a0<\/p><\/td><td><p><a href=\"mailto:xavier.blanc@chu-nantes.fr\">xavier.blanc@chu-nantes.fr<\/a>\u00a0<\/p><\/td><\/tr><tr><td><p><b>Nice<\/b><\/p><\/td><td><p>Gabriel PLISSONNEAU<\/p><\/td><td><a href=\"mailto:plissonneau.g06@gmail.com\">plissonneau.g06@gmail.com <\/a><\/td><td><p>Pr. Charles-Hugo MARQUETTE\u00a0<\/p><\/td><td><p><a href=\"mailto:marquette.c@chu-nice.fr\">marquette.c@chu-nice.fr<\/a>\u00a0<\/p><\/td><\/tr><tr><td><p><b>Paris<\/b><\/p><\/td><td><p>R\u00e9mi DERMINOT<\/p><\/td><td><p><a href=\"mailto:remiderca@gmail.com\">remiderca@gmail.com <\/a>\u00a0<\/p><\/td><td><p>Pr. Olivier SANCHEZ\u00a0<\/p><\/td><td><p><a href=\"mailto:olivier.sanchez@aphp.fr\">olivier.sanchez@aphp.fr<\/a>\u00a0<\/p><\/td><\/tr><tr><td><p><b>Poitiers<\/b><\/p><\/td><td><p>Victor MIRLEAU; Sarah ELLI Moussami<\/p><\/td><td><p><a href=\"mailto:victormirleau@gmail.com\">victormirleau@gmail.com <\/a>\u00a0<\/p><p><a href=\"mailto:sarah.ekki.moussami@gmail.com\">sarah.elli.moussami@gmail.com<\/a><\/p><\/td><td><p>Pr Etienne-Marie JUTANT\u00a0<\/p><\/td><td><p><a href=\"mailto:etienne-marie.jutant@chu-poitiers.fr\">etienne-marie.jutant@chu-poitiers.fr<\/a><\/p><\/td><\/tr><tr><td><p><b>Reims<\/b><\/p><\/td><td><p>Maxime MARULIER<\/p><\/td><td><p><a href=\"mailto:mmarulier@chu-reims.fr\">mmarulier@chu-reims.fr<\/a><\/p><\/td><td><p>Pr. Ga\u00ebtan DESL\u00c9E\u00a0<\/p><\/td><td><p><a href=\"mailto:gdeslee@chu-reims.fr\">gdeslee@chu-reims.fr<\/a>\u00a0<\/p><\/td><\/tr><tr><td><p><b>Rennes<\/b><\/p><\/td><td><p class=\"p1\">Alice VALEAU, Camille MENUT<\/p><\/td><td><p><a href=\"about:blank\">pneumo.referent.rennes@gmail.com<\/a>\u00a0 \u00a0 \u00a0<\/p><\/td><td><p>Pr. St\u00e9phane JOUNEAU\u00a0<\/p><\/td><td><p><a href=\"mailto:stephane.jouneau@chu-rennes.fr\">stephane.jouneau@chu-rennes.fr<\/a><\/p><\/td><\/tr><tr><td><p><b>R\u00e9union<\/b><\/p><\/td><td><p>Thomas DARGE<\/p><\/td><td><p><a href=\"mailto:manon.jungot@chu-reunion.fr\">thomas.darges76@gmail.com<\/a><\/p><\/td><td><p>Dr Virgile GAZAILLE \u00a0<\/p><\/td><td><p><a href=\"mailto:virgile.gazaille@chu-reunion.fr\">virgile.gazaille@chu-reunion.fr<\/a><\/p><\/td><\/tr><tr><td><p><b>Rouen<\/b><\/p><\/td><td><p>Sarah\u00a0BEN MEFTAH<\/p><p>Yasmine\u00a0KERKACHE<\/p><\/td><td><p><a href=\"mailto:referent.pneumo.rouen@hotmail.fr\">referent.pneumo.rouen@hotmail.fr<\/a>\u00a0<\/p><\/td><td><p>Pr. Mathieu SALAUN\u00a0<\/p><\/td><td><p><a href=\"mailto:mathieu.salaun@univ-rouen.fr\">mathieu.salaun@univ-rouen.fr<\/a>\u00a0<\/p><\/td><\/tr><tr><td><p><b>Saint-Etienne<\/b><\/p><\/td><td>Anne TINLAND<\/td><td><a href=\"mailto:anne.tinland@gmail.com\">anne.tinland@gmail.com<\/a><\/td><td><p>Pr. Bertoletti Laurent<\/p><\/td><td><p><a href=\"mailto:laurent.bertoletti@univ-st-etienne.fr\">laurent.bertoletti@univ-st-etienne.fr<\/a><\/p><\/td><\/tr><tr><td><p><b>Strasbourg<\/b><\/p><\/td><td><p>Guillaume DUCLOS<\/p><\/td><td><p><a href=\"mailto:guillaume67.duclos@gmail.com\">guillaume67.duclos@gmail.com <\/a><\/p><\/td><td><p>Pr. C\u00e9line MASCAUX<\/p><\/td><td><p><a href=\"mailto:celine.mascaux@chru-strasbourg.fr\">celine.mascaux@chru-strasbourg.fr<\/a><\/p><\/td><\/tr><tr><td><p><b>Toulouse<\/b><\/p><\/td><td><p class=\"p1\">Zubair OWADALLY<\/p><\/td><td><p><a href=\"mailto:zubairowad@hotmail.com\">zubairowad@hotmail.com<\/a><\/p><\/td><td><p>Pr. Nicolas GUIBERT<\/p><\/td><td><p><a href=\"mailto:guibert.n@chu-toulouse.fr\">guibert.n@chu-toulouse.fr<\/a>\u00a0<\/p><\/td><\/tr><tr><td><p><b>Tours<\/b><\/p><\/td><td><p class=\"p1\">Aur\u00e9lie KHOURI, Adrien OTT<\/p><\/td><td><p><a href=\"mailto:internes.pneumologie37@gmail.com\">internes.pneumologie37@gmail.com <\/a><\/p><\/td><td><p>Pr. Sylvain MARCHAND-ADAM\u00a0<\/p><\/td><td><p><a href=\"mailto:s.marchandadam@univ-tours.fr\">s.marchandadam@univ-tours.fr<\/a>\u00a0<\/p><\/td><\/tr><\/tbody><\/table>\t\t\t\t\t\t\t\t<\/div>\n\t\t\t\t<\/div>\n\t\t\t\t\t<\/div>\n\t\t\t\t<\/div>\n\t\t\t\t<\/div>\n\t\t","protected":false},"excerpt":{"rendered":"<p>R\u00e9f\u00e9rents par Ville R\u00e9seau de r\u00e9f\u00e9rents AJPO2 \u2013 Juin 2025 Nous agissons localement par l\u2019interm\u00e9diaire d\u2019internes en pneumologie r\u00e9f\u00e9rents de chaque ville. Ils sont le pivot essentiel entre l\u2019association et les adh\u00e9rents, et permettent la coordination et la diffusion des informations \u00e0 l\u2019\u00e9chelle locale. Nous leurs apportons notre soutien administratif et associatif pour faciliter la [&hellip;]<\/p>\n","protected":false},"author":1,"featured_media":0,"parent":72,"menu_order":0,"comment_status":"closed","ping_status":"closed","template":"","meta":{"_seopress_robots_primary_cat":"","_seopress_titles_title":"","_seopress_titles_desc":"","_seopress_robots_index":"","_monsterinsights_skip_tracking":false,"_monsterinsights_sitenote_active":false,"_monsterinsights_sitenote_note":"","_monsterinsights_sitenote_category":0,"_themeisle_gutenberg_block_has_review":false,"footnotes":""},"class_list":["post-339","page","type-page","status-publish","hentry"],"_links":{"self":[{"href":"https:\/\/ajpo2.org\/www\/wp-json\/wp\/v2\/pages\/339","targetHints":{"allow":["GET"]}}],"collection":[{"href":"https:\/\/ajpo2.org\/www\/wp-json\/wp\/v2\/pages"}],"about":[{"href":"https:\/\/ajpo2.org\/www\/wp-json\/wp\/v2\/types\/page"}],"author":[{"embeddable":true,"href":"https:\/\/ajpo2.org\/www\/wp-json\/wp\/v2\/users\/1"}],"replies":[{"embeddable":true,"href":"https:\/\/ajpo2.org\/www\/wp-json\/wp\/v2\/comments?post=339"}],"version-history":[{"count":53,"href":"https:\/\/ajpo2.org\/www\/wp-json\/wp\/v2\/pages\/339\/revisions"}],"predecessor-version":[{"id":5172,"href":"https:\/\/ajpo2.org\/www\/wp-json\/wp\/v2\/pages\/339\/revisions\/5172"}],"up":[{"embeddable":true,"href":"https:\/\/ajpo2.org\/www\/wp-json\/wp\/v2\/pages\/72"}],"wp:attachment":[{"href":"https:\/\/ajpo2.org\/www\/wp-json\/wp\/v2\/media?parent=339"}],"curies":[{"name":"wp","href":"https:\/\/api.w.org\/{rel}","templated":true}]}}