{"id":343,"date":"2020-08-18T21:03:08","date_gmt":"2020-08-18T21:03:08","guid":{"rendered":"http:\/\/antoinea.sg-host.com\/?page_id=343"},"modified":"2025-05-04T21:46:09","modified_gmt":"2025-05-04T19:46:09","slug":"nos-partenaires","status":"publish","type":"page","link":"https:\/\/ajpo2.org\/www\/qui-sommes-nous\/nos-partenaires\/","title":{"rendered":"Nos partenaires"},"content":{"rendered":"\t\t<div data-elementor-type=\"wp-page\" data-elementor-id=\"343\" class=\"elementor elementor-343\">\n\t\t\t\t<div class=\"elementor-element elementor-element-949acb6 e-flex e-con-boxed elementor-invisible e-con e-parent\" data-id=\"949acb6\" data-element_type=\"container\" data-e-type=\"container\" data-settings=\"{&quot;background_background&quot;:&quot;classic&quot;,&quot;animation&quot;:&quot;slideInUp&quot;}\">\n\t\t\t\t\t<div class=\"e-con-inner\">\n\t\t\t\t<div class=\"elementor-element elementor-element-fd0ee69 elementor-widget elementor-widget-heading\" data-id=\"fd0ee69\" data-element_type=\"widget\" data-e-type=\"widget\" data-widget_type=\"heading.default\">\n\t\t\t\t<div class=\"elementor-widget-container\">\n\t\t\t\t\t<h2 class=\"elementor-heading-title elementor-size-default\">Nos partenaires institutionnels<\/h2>\t\t\t\t<\/div>\n\t\t\t\t<\/div>\n\t\t\t\t\t<\/div>\n\t\t\t\t<\/div>\n\t\t<div class=\"elementor-element elementor-element-f3cc045 e-flex e-con-boxed elementor-invisible e-con e-parent\" data-id=\"f3cc045\" data-element_type=\"container\" data-e-type=\"container\" data-settings=\"{&quot;animation&quot;:&quot;slideInUp&quot;}\">\n\t\t\t\t\t<div class=\"e-con-inner\">\n\t\t\t\t<div class=\"elementor-element elementor-element-58c87ac elementor-widget elementor-widget-image-gallery\" data-id=\"58c87ac\" data-element_type=\"widget\" data-e-type=\"widget\" data-widget_type=\"image-gallery.default\">\n\t\t\t\t<div class=\"elementor-widget-container\">\n\t\t\t\t\t\t\t<div class=\"elementor-image-gallery\">\n\t\t\t<div id='gallery-1' class='gallery galleryid-343 gallery-columns-4 gallery-size-thumbnail'><figure class='gallery-item'>\n\t\t\t<div class='gallery-icon landscape'>\n\t\t\t\t<a data-elementor-open-lightbox=\"yes\" data-elementor-lightbox-slideshow=\"58c87ac\" data-elementor-lightbox-title=\"Coll\u00e8ge des Enseignants de Pneumologie\" data-e-action-hash=\"#elementor-action%3Aaction%3Dlightbox%26settings%3DeyJpZCI6MjQzMCwidXJsIjoiaHR0cHM6XC9cL2FqcG8yLm9yZ1wvd3d3XC93cC1jb250ZW50XC91cGxvYWRzXC8yMDI0XC8wNlwvQ2FwdHVyZS1kZWNyYW4tMjAyNC0wNi0wNy1hLTIyLjIyLjIyLnBuZyIsInNsaWRlc2hvdyI6IjU4Yzg3YWMifQ%3D%3D\" href='https:\/\/ajpo2.org\/www\/wp-content\/uploads\/2024\/06\/Capture-decran-2024-06-07-a-22.22.22.png'><img decoding=\"async\" width=\"150\" height=\"150\" src=\"https:\/\/ajpo2.org\/www\/wp-content\/uploads\/2024\/06\/Capture-decran-2024-06-07-a-22.22.22-150x150.png\" class=\"attachment-thumbnail size-thumbnail\" alt=\"\" aria-describedby=\"gallery-1-2430\" \/><\/a>\n\t\t\t<\/div>\n\t\t\t\t<figcaption class='wp-caption-text gallery-caption' id='gallery-1-2430'>\n\t\t\t\tColl\u00e8ge des Enseignants de Pneumologie\n\t\t\t\t<\/figcaption><\/figure><figure class='gallery-item'>\n\t\t\t<div class='gallery-icon landscape'>\n\t\t\t\t<a data-elementor-open-lightbox=\"yes\" data-elementor-lightbox-slideshow=\"58c87ac\" data-elementor-lightbox-title=\"Groupe Echographie Thoracique du Pneumologue\" data-e-action-hash=\"#elementor-action%3Aaction%3Dlightbox%26settings%3DeyJpZCI6MjQyOSwidXJsIjoiaHR0cHM6XC9cL2FqcG8yLm9yZ1wvd3d3XC93cC1jb250ZW50XC91cGxvYWRzXC8yMDI0XC8wNlwvQ2FwdHVyZS1kZWNyYW4tMjAyNC0wNi0wNy1hLTIyLjIyLjE4LnBuZyIsInNsaWRlc2hvdyI6IjU4Yzg3YWMifQ%3D%3D\" href='https:\/\/ajpo2.org\/www\/wp-content\/uploads\/2024\/06\/Capture-decran-2024-06-07-a-22.22.18.png'><img decoding=\"async\" width=\"150\" height=\"150\" src=\"https:\/\/ajpo2.org\/www\/wp-content\/uploads\/2024\/06\/Capture-decran-2024-06-07-a-22.22.18-150x150.png\" class=\"attachment-thumbnail size-thumbnail\" alt=\"\" aria-describedby=\"gallery-1-2429\" \/><\/a>\n\t\t\t<\/div>\n\t\t\t\t<figcaption class='wp-caption-text gallery-caption' id='gallery-1-2429'>\n\t\t\t\tGroupe Echographie Thoracique du Pneumologue\n\t\t\t\t<\/figcaption><\/figure><figure class='gallery-item'>\n\t\t\t<div class='gallery-icon landscape'>\n\t\t\t\t<a data-elementor-open-lightbox=\"yes\" data-elementor-lightbox-slideshow=\"58c87ac\" data-elementor-lightbox-title=\"Soci\u00e9t\u00e9 de Pneumologie de Langue Fran\u00e7aise\" data-e-action-hash=\"#elementor-action%3Aaction%3Dlightbox%26settings%3DeyJpZCI6MjQyMSwidXJsIjoiaHR0cHM6XC9cL2FqcG8yLm9yZ1wvd3d3XC93cC1jb250ZW50XC91cGxvYWRzXC8yMDI0XC8wNlwvQ2FwdHVyZS1kZWNyYW4tMjAyNC0wNi0wNy1hLTIyLjIwLjI1LTEucG5nIiwic2xpZGVzaG93IjoiNThjODdhYyJ9\" href='https:\/\/ajpo2.org\/www\/wp-content\/uploads\/2024\/06\/Capture-decran-2024-06-07-a-22.20.25-1.png'><img decoding=\"async\" width=\"150\" height=\"150\" src=\"https:\/\/ajpo2.org\/www\/wp-content\/uploads\/2024\/06\/Capture-decran-2024-06-07-a-22.20.25-1-150x150.png\" class=\"attachment-thumbnail size-thumbnail\" alt=\"\" aria-describedby=\"gallery-1-2421\" \/><\/a>\n\t\t\t<\/div>\n\t\t\t\t<figcaption class='wp-caption-text gallery-caption' id='gallery-1-2421'>\n\t\t\t\tSoci\u00e9t\u00e9 de Pneumologie de Langue Fran\u00e7aise\n\t\t\t\t<\/figcaption><\/figure><figure class='gallery-item'>\n\t\t\t<div class='gallery-icon landscape'>\n\t\t\t\t<a data-elementor-open-lightbox=\"yes\" data-elementor-lightbox-slideshow=\"58c87ac\" data-elementor-lightbox-title=\"Coll\u00e8ge des Pneumologues des H\u00f4pitaux G\u00e9n\u00e9raux\" data-e-action-hash=\"#elementor-action%3Aaction%3Dlightbox%26settings%3DeyJpZCI6MzEwMywidXJsIjoiaHR0cHM6XC9cL2FqcG8yLm9yZ1wvd3d3XC93cC1jb250ZW50XC91cGxvYWRzXC8yMDI0XC8wNlwvQ2FwdHVyZS1kZWNyYW4tMjAyNC0wNi0xMC1hLTIxLjU3LjExLnBuZyIsInNsaWRlc2hvdyI6IjU4Yzg3YWMifQ%3D%3D\" href='https:\/\/ajpo2.org\/www\/wp-content\/uploads\/2024\/06\/Capture-decran-2024-06-10-a-21.57.11.png'><img loading=\"lazy\" decoding=\"async\" width=\"150\" height=\"150\" src=\"https:\/\/ajpo2.org\/www\/wp-content\/uploads\/2024\/06\/Capture-decran-2024-06-10-a-21.57.11-150x150.png\" class=\"attachment-thumbnail size-thumbnail\" alt=\"\" aria-describedby=\"gallery-1-3103\" \/><\/a>\n\t\t\t<\/div>\n\t\t\t\t<figcaption class='wp-caption-text gallery-caption' id='gallery-1-3103'>\n\t\t\t\tColl\u00e8ge des Pneumologues des H\u00f4pitaux G\u00e9n\u00e9raux\n\t\t\t\t<\/figcaption><\/figure>\n\t\t<\/div>\n\t\t<\/div>\n\t\t\t\t\t\t<\/div>\n\t\t\t\t<\/div>\n\t\t\t\t\t<\/div>\n\t\t\t\t<\/div>\n\t\t<div class=\"elementor-element elementor-element-d2efd0d e-flex e-con-boxed elementor-invisible e-con e-parent\" data-id=\"d2efd0d\" data-element_type=\"container\" data-e-type=\"container\" data-settings=\"{&quot;background_background&quot;:&quot;classic&quot;,&quot;animation&quot;:&quot;slideInUp&quot;}\">\n\t\t\t\t\t<div class=\"e-con-inner\">\n\t\t\t\t<div class=\"elementor-element elementor-element-f08de8e elementor-widget elementor-widget-heading\" data-id=\"f08de8e\" data-element_type=\"widget\" data-e-type=\"widget\" data-widget_type=\"heading.default\">\n\t\t\t\t<div class=\"elementor-widget-container\">\n\t\t\t\t\t<h2 class=\"elementor-heading-title elementor-size-default\">Nos partenaires non institutionnels<\/h2>\t\t\t\t<\/div>\n\t\t\t\t<\/div>\n\t\t\t\t\t<\/div>\n\t\t\t\t<\/div>\n\t\t<div class=\"elementor-element elementor-element-563ba8e e-flex e-con-boxed e-con e-parent\" data-id=\"563ba8e\" data-element_type=\"container\" data-e-type=\"container\">\n\t\t\t\t\t<div class=\"e-con-inner\">\n\t\t\t\t<div class=\"elementor-element elementor-element-b6f2b1e elementor-invisible elementor-widget elementor-widget-image-gallery\" data-id=\"b6f2b1e\" data-element_type=\"widget\" data-e-type=\"widget\" data-settings=\"{&quot;_animation&quot;:&quot;slideInUp&quot;}\" data-widget_type=\"image-gallery.default\">\n\t\t\t\t<div class=\"elementor-widget-container\">\n\t\t\t\t\t\t\t<div class=\"elementor-image-gallery\">\n\t\t\t<div id='gallery-2' class='gallery galleryid-343 gallery-columns-4 gallery-size-thumbnail'><figure class='gallery-item'>\n\t\t\t<div class='gallery-icon portrait'>\n\t\t\t\t<a data-elementor-open-lightbox=\"yes\" data-elementor-lightbox-slideshow=\"b6f2b1e\" data-elementor-lightbox-title=\"Groupe Pasteur Mutualit\u00e9\" data-e-action-hash=\"#elementor-action%3Aaction%3Dlightbox%26settings%3DeyJpZCI6MjQyMiwidXJsIjoiaHR0cHM6XC9cL2FqcG8yLm9yZ1wvd3d3XC93cC1jb250ZW50XC91cGxvYWRzXC8yMDI0XC8wNlwvQ2FwdHVyZS1kZWNyYW4tMjAyNC0wNi0wNy1hLTIyLjIyLjMzLnBuZyIsInNsaWRlc2hvdyI6ImI2ZjJiMWUifQ%3D%3D\" href='https:\/\/ajpo2.org\/www\/wp-content\/uploads\/2024\/06\/Capture-decran-2024-06-07-a-22.22.33.png'><img loading=\"lazy\" decoding=\"async\" width=\"150\" height=\"150\" src=\"https:\/\/ajpo2.org\/www\/wp-content\/uploads\/2024\/06\/Capture-decran-2024-06-07-a-22.22.33-150x150.png\" class=\"attachment-thumbnail size-thumbnail\" alt=\"\" aria-describedby=\"gallery-2-2422\" \/><\/a>\n\t\t\t<\/div>\n\t\t\t\t<figcaption class='wp-caption-text gallery-caption' id='gallery-2-2422'>\n\t\t\t\tGroupe Pasteur Mutualit\u00e9\n\t\t\t\t<\/figcaption><\/figure><figure class='gallery-item'>\n\t\t\t<div class='gallery-icon landscape'>\n\t\t\t\t<a data-elementor-open-lightbox=\"yes\" data-elementor-lightbox-slideshow=\"b6f2b1e\" data-elementor-lightbox-title=\"Vitalaire\" data-e-action-hash=\"#elementor-action%3Aaction%3Dlightbox%26settings%3DeyJpZCI6MjQyMywidXJsIjoiaHR0cHM6XC9cL2FqcG8yLm9yZ1wvd3d3XC93cC1jb250ZW50XC91cGxvYWRzXC8yMDI0XC8wNlwvQ2FwdHVyZS1kZWNyYW4tMjAyNC0wNi0wNy1hLTIyLjIyLjU2LnBuZyIsInNsaWRlc2hvdyI6ImI2ZjJiMWUifQ%3D%3D\" href='https:\/\/ajpo2.org\/www\/wp-content\/uploads\/2024\/06\/Capture-decran-2024-06-07-a-22.22.56.png'><img loading=\"lazy\" decoding=\"async\" width=\"150\" height=\"150\" src=\"https:\/\/ajpo2.org\/www\/wp-content\/uploads\/2024\/06\/Capture-decran-2024-06-07-a-22.22.56-150x150.png\" class=\"attachment-thumbnail size-thumbnail\" alt=\"\" aria-describedby=\"gallery-2-2423\" \/><\/a>\n\t\t\t<\/div>\n\t\t\t\t<figcaption class='wp-caption-text gallery-caption' id='gallery-2-2423'>\n\t\t\t\tVitalaire\n\t\t\t\t<\/figcaption><\/figure><figure class='gallery-item'>\n\t\t\t<div class='gallery-icon landscape'>\n\t\t\t\t<a data-elementor-open-lightbox=\"yes\" data-elementor-lightbox-slideshow=\"b6f2b1e\" data-elementor-lightbox-title=\"Oxyvie\" data-e-action-hash=\"#elementor-action%3Aaction%3Dlightbox%26settings%3DeyJpZCI6MjQyNCwidXJsIjoiaHR0cHM6XC9cL2FqcG8yLm9yZ1wvd3d3XC93cC1jb250ZW50XC91cGxvYWRzXC8yMDI0XC8wNlwvQ2FwdHVyZS1kZWNyYW4tMjAyNC0wNi0wNy1hLTIyLjIzLjAwLnBuZyIsInNsaWRlc2hvdyI6ImI2ZjJiMWUifQ%3D%3D\" href='https:\/\/ajpo2.org\/www\/wp-content\/uploads\/2024\/06\/Capture-decran-2024-06-07-a-22.23.00.png'><img loading=\"lazy\" decoding=\"async\" width=\"150\" height=\"150\" src=\"https:\/\/ajpo2.org\/www\/wp-content\/uploads\/2024\/06\/Capture-decran-2024-06-07-a-22.23.00-150x150.png\" class=\"attachment-thumbnail size-thumbnail\" alt=\"\" aria-describedby=\"gallery-2-2424\" \/><\/a>\n\t\t\t<\/div>\n\t\t\t\t<figcaption class='wp-caption-text gallery-caption' id='gallery-2-2424'>\n\t\t\t\tOxyvie\n\t\t\t\t<\/figcaption><\/figure><figure class='gallery-item'>\n\t\t\t<div class='gallery-icon landscape'>\n\t\t\t\t<a data-elementor-open-lightbox=\"yes\" data-elementor-lightbox-slideshow=\"b6f2b1e\" data-elementor-lightbox-title=\"L&#039;association APPA\" data-e-action-hash=\"#elementor-action%3Aaction%3Dlightbox%26settings%3DeyJpZCI6NDkxNCwidXJsIjoiaHR0cHM6XC9cL2FqcG8yLm9yZ1wvd3d3XC93cC1jb250ZW50XC91cGxvYWRzXC8yMDI1XC8wNVwvQ2FwdHVyZS1kZWNyYW4tMjAyNS0wNS0wNC1hLTIxLjQwLjExLnBuZyIsInNsaWRlc2hvdyI6ImI2ZjJiMWUifQ%3D%3D\" href='https:\/\/ajpo2.org\/www\/wp-content\/uploads\/2025\/05\/Capture-decran-2025-05-04-a-21.40.11.png'><img loading=\"lazy\" decoding=\"async\" width=\"150\" height=\"150\" src=\"https:\/\/ajpo2.org\/www\/wp-content\/uploads\/2025\/05\/Capture-decran-2025-05-04-a-21.40.11-150x150.png\" class=\"attachment-thumbnail size-thumbnail\" alt=\"\" aria-describedby=\"gallery-2-4914\" srcset=\"https:\/\/ajpo2.org\/www\/wp-content\/uploads\/2025\/05\/Capture-decran-2025-05-04-a-21.40.11-150x150.png 150w, https:\/\/ajpo2.org\/www\/wp-content\/uploads\/2025\/05\/Capture-decran-2025-05-04-a-21.40.11-300x300.png 300w, https:\/\/ajpo2.org\/www\/wp-content\/uploads\/2025\/05\/Capture-decran-2025-05-04-a-21.40.11-768x768.png 768w, https:\/\/ajpo2.org\/www\/wp-content\/uploads\/2025\/05\/Capture-decran-2025-05-04-a-21.40.11.png 914w\" sizes=\"(max-width: 150px) 100vw, 150px\" \/><\/a>\n\t\t\t<\/div>\n\t\t\t\t<figcaption class='wp-caption-text gallery-caption' id='gallery-2-4914'>\n\t\t\t\tL&rsquo;association APPA\n\t\t\t\t<\/figcaption><\/figure><figure class='gallery-item'>\n\t\t\t<div class='gallery-icon landscape'>\n\t\t\t\t<a data-elementor-open-lightbox=\"yes\" data-elementor-lightbox-slideshow=\"b6f2b1e\" data-elementor-lightbox-title=\"Medemprunt\" data-e-action-hash=\"#elementor-action%3Aaction%3Dlightbox%26settings%3DeyJpZCI6MjQyOCwidXJsIjoiaHR0cHM6XC9cL2FqcG8yLm9yZ1wvd3d3XC93cC1jb250ZW50XC91cGxvYWRzXC8yMDI0XC8wNlwvQ2FwdHVyZS1kZWNyYW4tMjAyNC0wNi0wNy1hLTIyLjIzLjI0LnBuZyIsInNsaWRlc2hvdyI6ImI2ZjJiMWUifQ%3D%3D\" href='https:\/\/ajpo2.org\/www\/wp-content\/uploads\/2024\/06\/Capture-decran-2024-06-07-a-22.23.24.png'><img loading=\"lazy\" decoding=\"async\" width=\"150\" height=\"150\" src=\"https:\/\/ajpo2.org\/www\/wp-content\/uploads\/2024\/06\/Capture-decran-2024-06-07-a-22.23.24-150x150.png\" class=\"attachment-thumbnail size-thumbnail\" alt=\"\" aria-describedby=\"gallery-2-2428\" \/><\/a>\n\t\t\t<\/div>\n\t\t\t\t<figcaption class='wp-caption-text gallery-caption' id='gallery-2-2428'>\n\t\t\t\tMedemprunt\n\t\t\t\t<\/figcaption><\/figure><figure class='gallery-item'>\n\t\t\t<div class='gallery-icon landscape'>\n\t\t\t\t<a data-elementor-open-lightbox=\"yes\" data-elementor-lightbox-slideshow=\"b6f2b1e\" data-elementor-lightbox-title=\"Elsan\" data-e-action-hash=\"#elementor-action%3Aaction%3Dlightbox%26settings%3DeyJpZCI6MjQzMSwidXJsIjoiaHR0cHM6XC9cL2FqcG8yLm9yZ1wvd3d3XC93cC1jb250ZW50XC91cGxvYWRzXC8yMDI0XC8wNlwvQ2FwdHVyZS1kZWNyYW4tMjAyNC0wNi0wNy1hLTIyLjIzLjI4LnBuZyIsInNsaWRlc2hvdyI6ImI2ZjJiMWUifQ%3D%3D\" href='https:\/\/ajpo2.org\/www\/wp-content\/uploads\/2024\/06\/Capture-decran-2024-06-07-a-22.23.28.png'><img loading=\"lazy\" decoding=\"async\" width=\"150\" height=\"150\" src=\"https:\/\/ajpo2.org\/www\/wp-content\/uploads\/2024\/06\/Capture-decran-2024-06-07-a-22.23.28-150x150.png\" class=\"attachment-thumbnail size-thumbnail\" alt=\"\" aria-describedby=\"gallery-2-2431\" \/><\/a>\n\t\t\t<\/div>\n\t\t\t\t<figcaption class='wp-caption-text gallery-caption' id='gallery-2-2431'>\n\t\t\t\tElsan\n\t\t\t\t<\/figcaption><\/figure><figure class='gallery-item'>\n\t\t\t<div class='gallery-icon landscape'>\n\t\t\t\t<a data-elementor-open-lightbox=\"yes\" data-elementor-lightbox-slideshow=\"b6f2b1e\" data-elementor-lightbox-title=\"MACSF\" data-e-action-hash=\"#elementor-action%3Aaction%3Dlightbox%26settings%3DeyJpZCI6MjQzMiwidXJsIjoiaHR0cHM6XC9cL2FqcG8yLm9yZ1wvd3d3XC93cC1jb250ZW50XC91cGxvYWRzXC8yMDI0XC8wNlwvQ2FwdHVyZS1kZWNyYW4tMjAyNC0wNi0wNy1hLTIyLjIyLjI4LnBuZyIsInNsaWRlc2hvdyI6ImI2ZjJiMWUifQ%3D%3D\" href='https:\/\/ajpo2.org\/www\/wp-content\/uploads\/2024\/06\/Capture-decran-2024-06-07-a-22.22.28.png'><img loading=\"lazy\" decoding=\"async\" width=\"150\" height=\"150\" src=\"https:\/\/ajpo2.org\/www\/wp-content\/uploads\/2024\/06\/Capture-decran-2024-06-07-a-22.22.28-150x150.png\" class=\"attachment-thumbnail size-thumbnail\" alt=\"\" aria-describedby=\"gallery-2-2432\" \/><\/a>\n\t\t\t<\/div>\n\t\t\t\t<figcaption class='wp-caption-text gallery-caption' id='gallery-2-2432'>\n\t\t\t\tMACSF\n\t\t\t\t<\/figcaption><\/figure><figure class='gallery-item'>\n\t\t\t<div class='gallery-icon landscape'>\n\t\t\t\t<a data-elementor-open-lightbox=\"yes\" data-elementor-lightbox-slideshow=\"b6f2b1e\" data-elementor-lightbox-title=\"R\u00e9seau Pro Sant\u00e9\" data-e-action-hash=\"#elementor-action%3Aaction%3Dlightbox%26settings%3DeyJpZCI6MjQyNSwidXJsIjoiaHR0cHM6XC9cL2FqcG8yLm9yZ1wvd3d3XC93cC1jb250ZW50XC91cGxvYWRzXC8yMDI0XC8wNlwvQ2FwdHVyZS1kZWNyYW4tMjAyNC0wNi0wNy1hLTIyLjIzLjA0LnBuZyIsInNsaWRlc2hvdyI6ImI2ZjJiMWUifQ%3D%3D\" href='https:\/\/ajpo2.org\/www\/wp-content\/uploads\/2024\/06\/Capture-decran-2024-06-07-a-22.23.04.png'><img loading=\"lazy\" decoding=\"async\" width=\"150\" height=\"150\" src=\"https:\/\/ajpo2.org\/www\/wp-content\/uploads\/2024\/06\/Capture-decran-2024-06-07-a-22.23.04-150x150.png\" class=\"attachment-thumbnail size-thumbnail\" alt=\"\" aria-describedby=\"gallery-2-2425\" \/><\/a>\n\t\t\t<\/div>\n\t\t\t\t<figcaption class='wp-caption-text gallery-caption' id='gallery-2-2425'>\n\t\t\t\tR\u00e9seau Pro Sant\u00e9\n\t\t\t\t<\/figcaption><\/figure><figure class='gallery-item'>\n\t\t\t<div class='gallery-icon landscape'>\n\t\t\t\t<a data-elementor-open-lightbox=\"yes\" data-elementor-lightbox-slideshow=\"b6f2b1e\" data-elementor-lightbox-title=\"Asten Sant\u00e9\" data-e-action-hash=\"#elementor-action%3Aaction%3Dlightbox%26settings%3DeyJpZCI6MzA5OCwidXJsIjoiaHR0cHM6XC9cL2FqcG8yLm9yZ1wvd3d3XC93cC1jb250ZW50XC91cGxvYWRzXC8yMDI0XC8wNlwvQ2FwdHVyZS1kZWNyYW4tMjAyNC0wNi0xMC1hLTIxLjUyLjI2LnBuZyIsInNsaWRlc2hvdyI6ImI2ZjJiMWUifQ%3D%3D\" href='https:\/\/ajpo2.org\/www\/wp-content\/uploads\/2024\/06\/Capture-decran-2024-06-10-a-21.52.26.png'><img loading=\"lazy\" decoding=\"async\" width=\"150\" height=\"150\" src=\"https:\/\/ajpo2.org\/www\/wp-content\/uploads\/2024\/06\/Capture-decran-2024-06-10-a-21.52.26-150x150.png\" class=\"attachment-thumbnail size-thumbnail\" alt=\"\" aria-describedby=\"gallery-2-3098\" \/><\/a>\n\t\t\t<\/div>\n\t\t\t\t<figcaption class='wp-caption-text gallery-caption' id='gallery-2-3098'>\n\t\t\t\tAsten Sant\u00e9\n\t\t\t\t<\/figcaption><\/figure><figure class='gallery-item'>\n\t\t\t<div class='gallery-icon landscape'>\n\t\t\t\t<a data-elementor-open-lightbox=\"yes\" data-elementor-lightbox-slideshow=\"b6f2b1e\" data-elementor-lightbox-title=\"SRETT\" data-e-action-hash=\"#elementor-action%3Aaction%3Dlightbox%26settings%3DeyJpZCI6MzA5OSwidXJsIjoiaHR0cHM6XC9cL2FqcG8yLm9yZ1wvd3d3XC93cC1jb250ZW50XC91cGxvYWRzXC8yMDI0XC8wNlwvQ2FwdHVyZS1kZWNyYW4tMjAyNC0wNi0xMC1hLTIxLjUzLjQ5LnBuZyIsInNsaWRlc2hvdyI6ImI2ZjJiMWUifQ%3D%3D\" href='https:\/\/ajpo2.org\/www\/wp-content\/uploads\/2024\/06\/Capture-decran-2024-06-10-a-21.53.49.png'><img loading=\"lazy\" decoding=\"async\" width=\"150\" height=\"150\" src=\"https:\/\/ajpo2.org\/www\/wp-content\/uploads\/2024\/06\/Capture-decran-2024-06-10-a-21.53.49-150x150.png\" class=\"attachment-thumbnail size-thumbnail\" alt=\"\" aria-describedby=\"gallery-2-3099\" \/><\/a>\n\t\t\t<\/div>\n\t\t\t\t<figcaption class='wp-caption-text gallery-caption' id='gallery-2-3099'>\n\t\t\t\tSRETT\n\t\t\t\t<\/figcaption><\/figure><figure class='gallery-item'>\n\t\t\t<div class='gallery-icon landscape'>\n\t\t\t\t<a data-elementor-open-lightbox=\"yes\" data-elementor-lightbox-slideshow=\"b6f2b1e\" data-elementor-lightbox-title=\"Elivie\" data-e-action-hash=\"#elementor-action%3Aaction%3Dlightbox%26settings%3DeyJpZCI6MzY2NCwidXJsIjoiaHR0cHM6XC9cL2FqcG8yLm9yZ1wvd3d3XC93cC1jb250ZW50XC91cGxvYWRzXC8yMDI0XC8wNlwvQ2FwdHVyZS1kZWNyYW4tMjAyNC0wNi0yMS1hLTExLjExLjM2LnBuZyIsInNsaWRlc2hvdyI6ImI2ZjJiMWUifQ%3D%3D\" href='https:\/\/ajpo2.org\/www\/wp-content\/uploads\/2024\/06\/Capture-decran-2024-06-21-a-11.11.36.png'><img loading=\"lazy\" decoding=\"async\" width=\"150\" height=\"150\" src=\"https:\/\/ajpo2.org\/www\/wp-content\/uploads\/2024\/06\/Capture-decran-2024-06-21-a-11.11.36-150x150.png\" class=\"attachment-thumbnail size-thumbnail\" alt=\"\" aria-describedby=\"gallery-2-3664\" \/><\/a>\n\t\t\t<\/div>\n\t\t\t\t<figcaption class='wp-caption-text gallery-caption' id='gallery-2-3664'>\n\t\t\t\tElivie\n\t\t\t\t<\/figcaption><\/figure>\n\t\t<\/div>\n\t\t<\/div>\n\t\t\t\t\t\t<\/div>\n\t\t\t\t<\/div>\n\t\t\t\t\t<\/div>\n\t\t\t\t<\/div>\n\t\t\t\t<\/div>\n\t\t","protected":false},"excerpt":{"rendered":"<p>Nos partenaires institutionnels Coll\u00e8ge des Enseignants de Pneumologie Groupe Echographie Thoracique du Pneumologue Soci\u00e9t\u00e9 de Pneumologie de Langue Fran\u00e7aise Coll\u00e8ge des Pneumologues des H\u00f4pitaux G\u00e9n\u00e9raux Nos partenaires non institutionnels Groupe Pasteur Mutualit\u00e9 Vitalaire Oxyvie L&#8217;association APPA Medemprunt Elsan MACSF R\u00e9seau Pro Sant\u00e9 Asten Sant\u00e9 SRETT Elivie<\/p>\n","protected":false},"author":1,"featured_media":0,"parent":72,"menu_order":0,"comment_status":"closed","ping_status":"closed","template":"","meta":{"_seopress_robots_primary_cat":"","_seopress_titles_title":"","_seopress_titles_desc":"","_seopress_robots_index":"","_monsterinsights_skip_tracking":false,"_monsterinsights_sitenote_active":false,"_monsterinsights_sitenote_note":"","_monsterinsights_sitenote_category":0,"_themeisle_gutenberg_block_has_review":false,"footnotes":""},"class_list":["post-343","page","type-page","status-publish","hentry"],"_links":{"self":[{"href":"https:\/\/ajpo2.org\/www\/wp-json\/wp\/v2\/pages\/343","targetHints":{"allow":["GET"]}}],"collection":[{"href":"https:\/\/ajpo2.org\/www\/wp-json\/wp\/v2\/pages"}],"about":[{"href":"https:\/\/ajpo2.org\/www\/wp-json\/wp\/v2\/types\/page"}],"author":[{"embeddable":true,"href":"https:\/\/ajpo2.org\/www\/wp-json\/wp\/v2\/users\/1"}],"replies":[{"embeddable":true,"href":"https:\/\/ajpo2.org\/www\/wp-json\/wp\/v2\/comments?post=343"}],"version-history":[{"count":34,"href":"https:\/\/ajpo2.org\/www\/wp-json\/wp\/v2\/pages\/343\/revisions"}],"predecessor-version":[{"id":4920,"href":"https:\/\/ajpo2.org\/www\/wp-json\/wp\/v2\/pages\/343\/revisions\/4920"}],"up":[{"embeddable":true,"href":"https:\/\/ajpo2.org\/www\/wp-json\/wp\/v2\/pages\/72"}],"wp:attachment":[{"href":"https:\/\/ajpo2.org\/www\/wp-json\/wp\/v2\/media?parent=343"}],"curies":[{"name":"wp","href":"https:\/\/api.w.org\/{rel}","templated":true}]}}