{"id":35,"date":"2020-02-19T21:44:50","date_gmt":"2020-02-19T21:44:50","guid":{"rendered":"http:\/\/antoinea.sg-host.com\/?page_id=35"},"modified":"2024-06-29T10:22:35","modified_gmt":"2024-06-29T08:22:35","slug":"annonces","status":"publish","type":"page","link":"https:\/\/ajpo2.org\/www\/annonces\/","title":{"rendered":"Annonces"},"content":{"rendered":"\t\t<div data-elementor-type=\"wp-page\" data-elementor-id=\"35\" class=\"elementor elementor-35\">\n\t\t\t\t<div class=\"elementor-element elementor-element-2189825 e-flex e-con-boxed elementor-invisible e-con e-parent\" data-id=\"2189825\" data-element_type=\"container\" data-e-type=\"container\" data-settings=\"{&quot;background_background&quot;:&quot;classic&quot;,&quot;animation&quot;:&quot;slideInUp&quot;}\">\n\t\t\t\t\t<div class=\"e-con-inner\">\n\t\t\t\t<div class=\"elementor-element elementor-element-51187e3 elementor-widget elementor-widget-heading\" data-id=\"51187e3\" data-element_type=\"widget\" data-e-type=\"widget\" data-widget_type=\"heading.default\">\n\t\t\t\t<div class=\"elementor-widget-container\">\n\t\t\t\t\t<h2 class=\"elementor-heading-title elementor-size-default\">Les annonces d'emploi<\/h2>\t\t\t\t<\/div>\n\t\t\t\t<\/div>\n\t\t\t\t\t<\/div>\n\t\t\t\t<\/div>\n\t\t<div class=\"elementor-element elementor-element-6845d0e5 e-flex e-con-boxed elementor-invisible e-con e-parent\" data-id=\"6845d0e5\" data-element_type=\"container\" data-e-type=\"container\" data-settings=\"{&quot;animation&quot;:&quot;slideInUp&quot;}\">\n\t\t\t\t\t<div class=\"e-con-inner\">\n\t\t\t\t<div class=\"elementor-element elementor-element-751268ad elementor-widget elementor-widget-text-editor\" data-id=\"751268ad\" data-element_type=\"widget\" data-e-type=\"widget\" data-widget_type=\"text-editor.default\">\n\t\t\t\t<div class=\"elementor-widget-container\">\n\t\t\t\t\t\t\t\t\t\n<p style=\"font-size:15px\"><em>Retrouvez \u00e9galement les annonces publi\u00e9es par l&rsquo;AJPO2 en temps r\u00e9el sur notre compte Twitter d\u00e9di\u00e9<\/em> : <a href=\"https:\/\/www.twitter.com\/ajpo2_annonces\">@ajpo2_annonces<\/a><\/p>\n\n\n\n<div class=\"wp-block-buttons is-horizontal is-content-justification-center is-layout-flex wp-container-core-buttons-is-layout-03627597 wp-block-buttons-is-layout-flex\">\n<div class=\"wp-block-button has-custom-width wp-block-button__width-100 is-style-secondary\"><a class=\"wp-block-button__link\" href=\"https:\/\/ajpo2.org\/www\/annonces\/comment-publier-une-annonce\/\">Publier une annonce<\/a><\/div>\n<\/div>\n\n\n\n<div class=\"job_listings\" data-location=\"\" data-keywords=\"\" data-show_filters=\"true\" data-show_pagination=\"false\" data-per_page=\"10\" data-orderby=\"date\" data-order=\"DESC\" data-categories=\"\" data-disable-form-state-storage=\"\" data-featured_first=\"false\" data-post_id=\"35\" >\n<form class=\"job_filters\">\n\t\n\t<div class=\"search_jobs\">\n\t\t\n\t\t<div class=\"search_keywords\">\n\t\t\t<label for=\"search_keywords\">Mots-cl\u00e9s<\/label>\n\t\t\t<input type=\"text\" name=\"search_keywords\" id=\"search_keywords\" placeholder=\"Mots-cl\u00e9s\" value=\"\" \/>\n\t\t<\/div>\n\n\t\t<div class=\"search_location\">\n\t\t\t<label for=\"search_location\">Localisation<\/label>\n\t\t\t<input type=\"text\" name=\"search_location\" id=\"search_location\" placeholder=\"Localisation\" value=\"\" \/>\n\t\t<\/div>\n\n\t\t\t\t\t<div class=\"search_remote_position\">\n\t\t\t\t<input type=\"checkbox\" class=\"input-checkbox\" name=\"remote_position\" id=\"remote_position\" placeholder=\"Localisation\" value=\"1\"  \/>\n\t\t\t\t<label for=\"remote_position\" id=\"remote_position_label\">Postes en t\u00e9l\u00e9travail uniquement<\/label>\n\t\t\t<\/div>\n\t\t\n\t\t<div style=\"clear: both\"><\/div>\n\n\t\t\n\t\t\t\t\t<div class=\"search_submit\">\n\t\t\t\t<input type=\"submit\" value=\"Rechercher des offres d\u2019emploi\">\n\t\t\t<\/div>\n\t\t\n\t\t\t<\/div>\n\n\t\t<ul class=\"job_types\">\n\t\t\t\t\t<li><label for=\"job_type_assistanat-clinicat\" class=\"assistanat-clinicat\"><input type=\"checkbox\" name=\"filter_job_type[]\" value=\"assistanat-clinicat\"  checked='checked' id=\"job_type_assistanat-clinicat\" \/> Assistanat\/Clinicat<\/label><\/li>\n\t\t\t\t\t<li><label for=\"job_type_autre\" class=\"autre\"><input type=\"checkbox\" name=\"filter_job_type[]\" value=\"autre\"  checked='checked' id=\"job_type_autre\" \/> Autre<\/label><\/li>\n\t\t\t\t\t<li><label for=\"job_type_ffi\" class=\"ffi\"><input type=\"checkbox\" name=\"filter_job_type[]\" value=\"ffi\"  checked='checked' id=\"job_type_ffi\" \/> FFI<\/label><\/li>\n\t\t\t\t\t<li><label for=\"job_type_hospitalier\" class=\"hospitalier\"><input type=\"checkbox\" name=\"filter_job_type[]\" value=\"hospitalier\"  checked='checked' id=\"job_type_hospitalier\" \/> Hospitalier<\/label><\/li>\n\t\t\t\t\t<li><label for=\"job_type_liberal\" class=\"liberal\"><input type=\"checkbox\" name=\"filter_job_type[]\" value=\"liberal\"  checked='checked' id=\"job_type_liberal\" \/> Lib\u00e9ral<\/label><\/li>\n\t\t\t\t\t<li><label for=\"job_type_ph\" class=\"ph\"><input type=\"checkbox\" name=\"filter_job_type[]\" value=\"ph\"  checked='checked' id=\"job_type_ph\" \/> PH<\/label><\/li>\n\t\t\t\t\t<li><label for=\"job_type_remplacement\" class=\"remplacement\"><input type=\"checkbox\" name=\"filter_job_type[]\" value=\"remplacement\"  checked='checked' id=\"job_type_remplacement\" \/> Remplacement<\/label><\/li>\n\t\t\t<\/ul>\n\t<input type=\"hidden\" name=\"filter_job_type[]\" value=\"\" \/>\n<div class=\"showing_jobs\"><\/div><\/form>\n\n\n<noscript>Votre navigateur ne supporte pas JavaScript, ou bien JavaScript est d\u00e9sactiv\u00e9. JavaScript doit \u00eatre activ\u00e9 pour pouvoir visualiser des postes.<\/noscript>\n<ul class=\"job_listings\">\n<\/ul>\n<a class=\"load_more_jobs\" href=\"#\" style=\"display:none;\"><strong>Afficher plus d\u2019offres<\/strong><\/a><\/div>\n\t\t\t\t\t\t\t\t<\/div>\n\t\t\t\t<\/div>\n\t\t\t\t\t<\/div>\n\t\t\t\t<\/div>\n\t\t\t\t<\/div>\n\t\t","protected":false},"excerpt":{"rendered":"<p>Les annonces d&#8217;emploi Retrouvez \u00e9galement les annonces publi\u00e9es par l&rsquo;AJPO2 en temps r\u00e9el sur notre compte Twitter d\u00e9di\u00e9 : @ajpo2_annonces<\/p>\n","protected":false},"author":1,"featured_media":0,"parent":0,"menu_order":0,"comment_status":"closed","ping_status":"closed","template":"","meta":{"_seopress_robots_primary_cat":"","_seopress_titles_title":"","_seopress_titles_desc":"","_seopress_robots_index":"","_monsterinsights_skip_tracking":false,"_monsterinsights_sitenote_active":false,"_monsterinsights_sitenote_note":"","_monsterinsights_sitenote_category":0,"_themeisle_gutenberg_block_has_review":false,"footnotes":""},"class_list":["post-35","page","type-page","status-publish","hentry"],"_links":{"self":[{"href":"https:\/\/ajpo2.org\/www\/wp-json\/wp\/v2\/pages\/35","targetHints":{"allow":["GET"]}}],"collection":[{"href":"https:\/\/ajpo2.org\/www\/wp-json\/wp\/v2\/pages"}],"about":[{"href":"https:\/\/ajpo2.org\/www\/wp-json\/wp\/v2\/types\/page"}],"author":[{"embeddable":true,"href":"https:\/\/ajpo2.org\/www\/wp-json\/wp\/v2\/users\/1"}],"replies":[{"embeddable":true,"href":"https:\/\/ajpo2.org\/www\/wp-json\/wp\/v2\/comments?post=35"}],"version-history":[{"count":23,"href":"https:\/\/ajpo2.org\/www\/wp-json\/wp\/v2\/pages\/35\/revisions"}],"predecessor-version":[{"id":4209,"href":"https:\/\/ajpo2.org\/www\/wp-json\/wp\/v2\/pages\/35\/revisions\/4209"}],"wp:attachment":[{"href":"https:\/\/ajpo2.org\/www\/wp-json\/wp\/v2\/media?parent=35"}],"curies":[{"name":"wp","href":"https:\/\/api.w.org\/{rel}","templated":true}]}}