{"id":3625,"date":"2024-06-21T10:41:50","date_gmt":"2024-06-21T08:41:50","guid":{"rendered":"https:\/\/ajpo2.org\/www\/?page_id=3625"},"modified":"2025-07-22T19:07:42","modified_gmt":"2025-07-22T17:07:42","slug":"guide-des-villes","status":"publish","type":"page","link":"https:\/\/ajpo2.org\/www\/guide-des-villes\/","title":{"rendered":"Guide des Villes"},"content":{"rendered":"\t\t<div data-elementor-type=\"wp-page\" data-elementor-id=\"3625\" class=\"elementor elementor-3625\">\n\t\t\t\t<div class=\"elementor-element elementor-element-9d7dd76 e-flex e-con-boxed elementor-invisible e-con e-parent\" data-id=\"9d7dd76\" data-element_type=\"container\" data-e-type=\"container\" data-settings=\"{&quot;background_background&quot;:&quot;classic&quot;,&quot;animation&quot;:&quot;slideInUp&quot;}\">\n\t\t\t\t\t<div class=\"e-con-inner\">\n\t\t\t\t<div class=\"elementor-element elementor-element-5e0e9af elementor-widget elementor-widget-heading\" data-id=\"5e0e9af\" data-element_type=\"widget\" data-e-type=\"widget\" data-widget_type=\"heading.default\">\n\t\t\t\t<div class=\"elementor-widget-container\">\n\t\t\t\t\t<h2 class=\"elementor-heading-title elementor-size-default\">Le Guide des Villes<\/h2>\t\t\t\t<\/div>\n\t\t\t\t<\/div>\n\t\t\t\t\t<\/div>\n\t\t\t\t<\/div>\n\t\t<div class=\"elementor-element elementor-element-1f10d3f e-flex e-con-boxed elementor-invisible e-con e-parent\" data-id=\"1f10d3f\" data-element_type=\"container\" data-e-type=\"container\" data-settings=\"{&quot;animation&quot;:&quot;slideInUp&quot;}\">\n\t\t\t\t\t<div class=\"e-con-inner\">\n\t\t\t\t<div class=\"elementor-element elementor-element-48c107d elementor-widget elementor-widget-text-editor\" data-id=\"48c107d\" data-element_type=\"widget\" data-e-type=\"widget\" data-widget_type=\"text-editor.default\">\n\t\t\t\t<div class=\"elementor-widget-container\">\n\t\t\t\t\t\t\t\t\t<h2 style=\"font-weight: 400;\"><strong style=\"font-size: 16px; font-style: inherit; color: var( --e-global-color-text ); font-family: var( --e-global-typography-text-font-family ), Sans-serif; text-align: var(--text-align); letter-spacing: 0.01em;\">L\u2019AJPO2 \u00e9dite r\u00e9guli\u00e8rement un guide des villes des internats de pneumologie afin d\u2019aider les externes&nbsp;int\u00e9ress\u00e9s par la pneumologie \u00e0 choisir leur ville d\u2019internat<\/strong><span style=\"font-size: 16px; font-style: inherit; color: #7a7a7a; font-family: var( --e-global-typography-text-font-family ), Sans-serif; text-align: var(--text-align); letter-spacing: 0.01em;\">, en association avec le&nbsp;Coll\u00e8ge des Enseignants de Pneumologie&nbsp;et la&nbsp;Soci\u00e9t\u00e9 de Pneumologie de Langue Fran\u00e7aise.<\/span><\/h2>\n<p style=\"font-weight: 400;\">Ce guide comprend deux parties :<\/p>\n<p style=\"font-weight: 400;\">\u2013 Une premi\u00e8re vous d\u00e9crivant l\u2019internat de pneumologie d\u2019une mani\u00e8re g\u00e9n\u00e9rale<\/p>\n<p style=\"font-weight: 400;\">\u2013 Une seconde vous d\u00e9crivant les particularit\u00e9s de chacune des villes<\/p>\n<p style=\"font-weight: 400;\">Vous y trouverez \u00e9galement les coordonn\u00e9es des internes r\u00e9f\u00e9rents de chacune des villes.<\/p>\n<p style=\"font-weight: 400;\"><span style=\"text-decoration: underline;\"><strong>Le guide est t\u00e9l\u00e9chargeable en suivant le lien ci-dessous :<\/strong><\/span><\/p>\t\t\t\t\t\t\t\t<\/div>\n\t\t\t\t<\/div>\n\t\t\t\t\t<\/div>\n\t\t\t\t<\/div>\n\t\t<div class=\"elementor-element elementor-element-292110a4 e-con-full e-flex elementor-invisible e-con e-parent\" data-id=\"292110a4\" data-element_type=\"container\" data-e-type=\"container\" data-settings=\"{&quot;animation&quot;:&quot;slideInUp&quot;}\">\n\t\t\t\t<div class=\"elementor-element elementor-element-6f071862 elementor-align-center elementor-widget elementor-widget-embedpress_pdf\" data-id=\"6f071862\" data-element_type=\"widget\" data-e-type=\"widget\" data-widget_type=\"embedpress_pdf.default\">\n\t\t\t\t<div class=\"elementor-widget-container\">\n\t\t\t\t\t    <div class=\"embedpress-document-embed ep-doc-da25fedcbbeedd8f66d3797642f6aee0 ose-document emebedpress-unit-percent \" data-thememode=\"custom\" data-customcolor=\"#FFFFFF\" data-toolbar=\"yes\" data-toolbar-position=\"bottom\" data-open=\"no\" data-presentation-mode=\"\" data-download=\"yes\" data-copy=\"yes\" data-add-image=\"yes\" data-rotate=\"yes\" data-details=\"yes\" data-id=\"embedpress-pdf-6f071862\" data-selection-tool=\"0\" data-scrolling=\"0\" data-spreads=\"-1\" style=\" max-width:100%; display: inline-block\">\n\n        \n                <div >\n\n                    <div id=\"ep-elementor-content-6f071862\" class=\"ep-elementor-content   ep-percentage-width   ep-content-protection-disabled\">\n                        <div id=\"6f071862\" class=\"ep-embed-content-wraper\">\n                            <div><iframe title=\"GdV-2025-final\" class=\"embedpress-embed-document-pdf embedpress-pdf-6f071862\" style=\"width: 600%!important;height: 600px;; max-width:100%; display: inline-block\" src=\"https:\/\/ajpo2.org\/www\/wp-admin\/admin-ajax.php?action=get_viewer&#038;file=https%3A%2F%2Fajpo2.org%2Fwww%2Fwp-content%2Fuploads%2F2025%2F07%2FGdV-2025-final.pdf&#038;scrolling=0&#038;selection_tool=0&#038;spreads=-1#key=dGhlbWVNb2RlPWN1c3RvbSZ0b29sYmFyPXRydWUmcG9zaXRpb249Ym90dG9tJnByZXNlbnRhdGlvbj1mYWxzZSZsYXp5TG9hZD1mYWxzZSZkb3dubG9hZD10cnVlJmNvcHlfdGV4dD10cnVlJmFkZF90ZXh0PXRydWUmZHJhdz10cnVlJmFkZF9pbWFnZT10cnVlJnBkZl9yb3RhdGlvbj10cnVlJnBkZl9kZXRhaWxzPXRydWUmem9vbV9pbj1mYWxzZSZ6b29tX291dD1mYWxzZSZmaXRfdmlldz1mYWxzZSZib29rbWFyaz1mYWxzZSZzb3VuZD10cnVlJmZsaXBib29rX3Rvb2xiYXJfcG9zaXRpb249Ym90dG9tJnNlbGVjdGlvbl90b29sPTAmc2Nyb2xsaW5nPTAmc3ByZWFkcz0tMSZpc19wcm9fYWN0aXZlPTAmcGFnZU51bWJlcj0xJndhdGVybWFya190ZXh0PSZ3YXRlcm1hcmtfZm9udF9zaXplPTQ4JndhdGVybWFya19jb2xvcj0lMjMwMDAwMDAmd2F0ZXJtYXJrX29wYWNpdHk9MTUmd2F0ZXJtYXJrX3N0eWxlPWNlbnRlciZjdXN0b21Db2xvcj0lMjNGRkZGRkY=&#038;zoom=auto\" class=\"embedpress-embed-document-pdf embedpress-pdf-6f071862\" data-emid=\"embedpress-pdf-6f071862\" data-embed-type=\"PDF\" frameborder=\"0\"><\/iframe><\/div>                        <\/div>\n\n                    <\/div>\n\n\n                   \n                <\/div>\n            \n    <\/div>\n\n\t\t\t\t<\/div>\n\t\t\t\t<\/div>\n\t\t\t\t<\/div>\n\t\t<div class=\"elementor-element elementor-element-55f8289 e-flex e-con-boxed elementor-invisible e-con e-parent\" data-id=\"55f8289\" data-element_type=\"container\" data-e-type=\"container\" data-settings=\"{&quot;animation&quot;:&quot;slideInUp&quot;}\">\n\t\t\t\t\t<div class=\"e-con-inner\">\n\t\t\t\t<div class=\"elementor-element elementor-element-3387df9 elementor-widget elementor-widget-eael-creative-button\" data-id=\"3387df9\" data-element_type=\"widget\" data-e-type=\"widget\" data-widget_type=\"eael-creative-button.default\">\n\t\t\t\t<div class=\"elementor-widget-container\">\n\t\t\t\t\t        <div class=\"eael-creative-button-wrapper\">\n\n            <a class=\"eael-creative-button eael-creative-button--winona eael-cb-icon-position-\" href=\"https:\/\/ajpo2.org\/www\/wp-content\/uploads\/2025\/07\/GdV-2025-final.pdf\" data-text=\"T\u00e9l\u00e9charger\">\n            \t    \n                <div class=\"creative-button-inner\">\n\n                    \n                    <span class=\"cretive-button-text\">T\u00e9l\u00e9charger<\/span>\n\n                                    <\/div>\n\t                        <\/a>\n        <\/div>\n        \t\t\t\t<\/div>\n\t\t\t\t<\/div>\n\t\t\t\t\t<\/div>\n\t\t\t\t<\/div>\n\t\t\t\t<\/div>\n\t\t","protected":false},"excerpt":{"rendered":"<p>Le Guide des Villes L\u2019AJPO2 \u00e9dite r\u00e9guli\u00e8rement un guide des villes des internats de pneumologie afin d\u2019aider les externes&nbsp;int\u00e9ress\u00e9s par la pneumologie \u00e0 choisir leur ville d\u2019internat, en association avec le&nbsp;Coll\u00e8ge des Enseignants de Pneumologie&nbsp;et la&nbsp;Soci\u00e9t\u00e9 de Pneumologie de Langue Fran\u00e7aise. Ce guide comprend deux parties : \u2013 Une premi\u00e8re vous d\u00e9crivant l\u2019internat de pneumologie [&hellip;]<\/p>\n","protected":false},"author":1,"featured_media":0,"parent":0,"menu_order":0,"comment_status":"closed","ping_status":"closed","template":"","meta":{"_seopress_robots_primary_cat":"","_seopress_titles_title":"","_seopress_titles_desc":"","_seopress_robots_index":"","_monsterinsights_skip_tracking":false,"_monsterinsights_sitenote_active":false,"_monsterinsights_sitenote_note":"","_monsterinsights_sitenote_category":0,"_themeisle_gutenberg_block_has_review":false,"footnotes":""},"class_list":["post-3625","page","type-page","status-publish","hentry"],"_links":{"self":[{"href":"https:\/\/ajpo2.org\/www\/wp-json\/wp\/v2\/pages\/3625","targetHints":{"allow":["GET"]}}],"collection":[{"href":"https:\/\/ajpo2.org\/www\/wp-json\/wp\/v2\/pages"}],"about":[{"href":"https:\/\/ajpo2.org\/www\/wp-json\/wp\/v2\/types\/page"}],"author":[{"embeddable":true,"href":"https:\/\/ajpo2.org\/www\/wp-json\/wp\/v2\/users\/1"}],"replies":[{"embeddable":true,"href":"https:\/\/ajpo2.org\/www\/wp-json\/wp\/v2\/comments?post=3625"}],"version-history":[{"count":58,"href":"https:\/\/ajpo2.org\/www\/wp-json\/wp\/v2\/pages\/3625\/revisions"}],"predecessor-version":[{"id":4983,"href":"https:\/\/ajpo2.org\/www\/wp-json\/wp\/v2\/pages\/3625\/revisions\/4983"}],"wp:attachment":[{"href":"https:\/\/ajpo2.org\/www\/wp-json\/wp\/v2\/media?parent=3625"}],"curies":[{"name":"wp","href":"https:\/\/api.w.org\/{rel}","templated":true}]}}