{"id":520,"date":"2020-09-30T13:37:51","date_gmt":"2020-09-30T13:37:51","guid":{"rendered":"http:\/\/antoinea.sg-host.com\/postes\/"},"modified":"2020-09-30T13:37:51","modified_gmt":"2020-09-30T13:37:51","slug":"postes","status":"publish","type":"page","link":"https:\/\/ajpo2.org\/www\/postes\/","title":{"rendered":"Postes"},"content":{"rendered":"<div class=\"job_listings\" data-location=\"\" data-keywords=\"\" data-show_filters=\"true\" data-show_pagination=\"false\" data-per_page=\"10\" data-orderby=\"featured\" data-order=\"DESC\" data-categories=\"\" data-disable-form-state-storage=\"\" data-featured_first=\"false\" data-post_id=\"520\" >\n<form class=\"job_filters\">\n\t\n\t<div class=\"search_jobs\">\n\t\t\n\t\t<div class=\"search_keywords\">\n\t\t\t<label for=\"search_keywords\">Mots-cl\u00e9s<\/label>\n\t\t\t<input type=\"text\" name=\"search_keywords\" id=\"search_keywords\" placeholder=\"Mots-cl\u00e9s\" value=\"\" \/>\n\t\t<\/div>\n\n\t\t<div class=\"search_location\">\n\t\t\t<label for=\"search_location\">Localisation<\/label>\n\t\t\t<input type=\"text\" name=\"search_location\" id=\"search_location\" placeholder=\"Localisation\" value=\"\" \/>\n\t\t<\/div>\n\n\t\t\t\t\t<div class=\"search_remote_position\">\n\t\t\t\t<input type=\"checkbox\" class=\"input-checkbox\" name=\"remote_position\" id=\"remote_position\" placeholder=\"Localisation\" value=\"1\"  \/>\n\t\t\t\t<label for=\"remote_position\" id=\"remote_position_label\">Postes en t\u00e9l\u00e9travail uniquement<\/label>\n\t\t\t<\/div>\n\t\t\n\t\t<div style=\"clear: both\"><\/div>\n\n\t\t\n\t\t\t\t\t<div class=\"search_submit\">\n\t\t\t\t<input type=\"submit\" value=\"Rechercher des offres d\u2019emploi\">\n\t\t\t<\/div>\n\t\t\n\t\t\t<\/div>\n\n\t\t<ul class=\"job_types\">\n\t\t\t\t\t<li><label for=\"job_type_assistanat-clinicat\" class=\"assistanat-clinicat\"><input type=\"checkbox\" name=\"filter_job_type[]\" value=\"assistanat-clinicat\"  checked='checked' id=\"job_type_assistanat-clinicat\" \/> Assistanat\/Clinicat<\/label><\/li>\n\t\t\t\t\t<li><label for=\"job_type_autre\" class=\"autre\"><input type=\"checkbox\" name=\"filter_job_type[]\" value=\"autre\"  checked='checked' id=\"job_type_autre\" \/> Autre<\/label><\/li>\n\t\t\t\t\t<li><label for=\"job_type_ffi\" class=\"ffi\"><input type=\"checkbox\" name=\"filter_job_type[]\" value=\"ffi\"  checked='checked' id=\"job_type_ffi\" \/> FFI<\/label><\/li>\n\t\t\t\t\t<li><label for=\"job_type_hospitalier\" class=\"hospitalier\"><input type=\"checkbox\" name=\"filter_job_type[]\" value=\"hospitalier\"  checked='checked' id=\"job_type_hospitalier\" \/> Hospitalier<\/label><\/li>\n\t\t\t\t\t<li><label for=\"job_type_liberal\" class=\"liberal\"><input type=\"checkbox\" name=\"filter_job_type[]\" value=\"liberal\"  checked='checked' id=\"job_type_liberal\" \/> Lib\u00e9ral<\/label><\/li>\n\t\t\t\t\t<li><label for=\"job_type_ph\" class=\"ph\"><input type=\"checkbox\" name=\"filter_job_type[]\" value=\"ph\"  checked='checked' id=\"job_type_ph\" \/> PH<\/label><\/li>\n\t\t\t\t\t<li><label for=\"job_type_remplacement\" class=\"remplacement\"><input type=\"checkbox\" name=\"filter_job_type[]\" value=\"remplacement\"  checked='checked' id=\"job_type_remplacement\" \/> Remplacement<\/label><\/li>\n\t\t\t<\/ul>\n\t<input type=\"hidden\" name=\"filter_job_type[]\" value=\"\" \/>\n<div class=\"showing_jobs\"><\/div><\/form>\n\n\n<noscript>Votre navigateur ne supporte pas JavaScript, ou bien JavaScript est d\u00e9sactiv\u00e9. JavaScript doit \u00eatre activ\u00e9 pour pouvoir visualiser des postes.<\/noscript>\n<ul class=\"job_listings\">\n<\/ul>\n<a class=\"load_more_jobs\" href=\"#\" style=\"display:none;\"><strong>Afficher plus d\u2019offres<\/strong><\/a><\/div>\n","protected":false},"excerpt":{"rendered":"","protected":false},"author":1,"featured_media":0,"parent":0,"menu_order":0,"comment_status":"closed","ping_status":"closed","template":"","meta":{"_seopress_robots_primary_cat":"","_seopress_titles_title":"","_seopress_titles_desc":"","_seopress_robots_index":"","_monsterinsights_skip_tracking":false,"_monsterinsights_sitenote_active":false,"_monsterinsights_sitenote_note":"","_monsterinsights_sitenote_category":0,"_themeisle_gutenberg_block_has_review":false,"footnotes":""},"class_list":["post-520","page","type-page","status-publish","hentry"],"_links":{"self":[{"href":"https:\/\/ajpo2.org\/www\/wp-json\/wp\/v2\/pages\/520","targetHints":{"allow":["GET"]}}],"collection":[{"href":"https:\/\/ajpo2.org\/www\/wp-json\/wp\/v2\/pages"}],"about":[{"href":"https:\/\/ajpo2.org\/www\/wp-json\/wp\/v2\/types\/page"}],"author":[{"embeddable":true,"href":"https:\/\/ajpo2.org\/www\/wp-json\/wp\/v2\/users\/1"}],"replies":[{"embeddable":true,"href":"https:\/\/ajpo2.org\/www\/wp-json\/wp\/v2\/comments?post=520"}],"version-history":[{"count":0,"href":"https:\/\/ajpo2.org\/www\/wp-json\/wp\/v2\/pages\/520\/revisions"}],"wp:attachment":[{"href":"https:\/\/ajpo2.org\/www\/wp-json\/wp\/v2\/media?parent=520"}],"curies":[{"name":"wp","href":"https:\/\/api.w.org\/{rel}","templated":true}]}}